{"id":6589,"date":"2019-11-16T17:06:31","date_gmt":"2019-11-16T17:06:31","guid":{"rendered":"https:\/\/senstarcorp.wpengine.com\/?page_id=6589"},"modified":"2020-09-14T15:38:11","modified_gmt":"2020-09-14T19:38:11","slug":"symphony-specifications","status":"publish","type":"page","link":"https:\/\/senstar.com\/fr\/ressources-produit\/symphony-specifications\/","title":{"rendered":"Senstar Symphony Sp\u00e9cifications"},"content":{"rendered":"<h1>Clients Senstar Symphony<\/h1>\n\n<table id=\"tablepress-21\" class=\"tablepress tablepress-id-21 tbody-has-connected-cells\">\n<thead>\n<tr class=\"row-1\">\n\t<td class=\"column-1\"><\/td><th class=\"column-2\">Client Windows\u00ae <\/th><th class=\"column-3\">Client Web <\/th><th class=\"column-4\">Client Mobile<\/th><th class=\"column-5\">Thin Client<\/th>\n<\/tr>\n<\/thead>\n<tbody class=\"row-striping row-hover\">\n<tr class=\"row-2\">\n\t<td colspan=\"5\" class=\"column-1\"><\/td>\n<\/tr>\n<tr class=\"row-3\">\n\t<td class=\"column-1\">Syst\u00e8me d'exploitation\/plateforme pris en charge<\/td><td class=\"column-2\">Windows\u00ae 10<\/td><td class=\"column-3\">Navigateur<br \/>\nWeb<\/td><td class=\"column-4\">iOS ou<br \/>\nAndroid<\/td><td class=\"column-5\">Machine<br \/>\nLinux<\/td>\n<\/tr>\n<tr class=\"row-4\">\n\t<td class=\"column-1\">Nombre de connexions simultan\u00e9es au serveur<\/td><td class=\"column-2\">Illimit\u00e9<\/td><td class=\"column-3\">Illimit\u00e9<\/td><td class=\"column-4\">Illimit\u00e9<\/td><td class=\"column-5\">1<\/td>\n<\/tr>\n<tr class=\"row-5\">\n\t<td class=\"column-1\">Interface utilisateur personnalisable<\/td><td class=\"column-2\">*<\/td><td class=\"column-3\"><\/td><td class=\"column-4\"><\/td><td class=\"column-5\"><\/td>\n<\/tr>\n<tr class=\"row-6\">\n\t<td class=\"column-1\">Chronologie graphique<\/td><td class=\"column-2\">*<\/td><td class=\"column-3\">*<\/td><td class=\"column-4\"><\/td><td class=\"column-5\">*<\/td>\n<\/tr>\n<tr class=\"row-7\">\n\t<td class=\"column-1\">Navigation hi\u00e9rarchique sur la carte du site<\/td><td class=\"column-2\">*<\/td><td class=\"column-3\"><\/td><td class=\"column-4\"><\/td><td class=\"column-5\"><\/td>\n<\/tr>\n<tr class=\"row-8\">\n\t<td class=\"column-1\">Navigation dans la liste de cam\u00e9ras<\/td><td class=\"column-2\">*<\/td><td class=\"column-3\">*<\/td><td class=\"column-4\">*<\/td><td class=\"column-5\"><\/td>\n<\/tr>\n<tr class=\"row-9\">\n\t<td class=\"column-1\">Liens de suivi visuel (hotspots de superposition vid\u00e9o)<\/td><td class=\"column-2\">*<\/td><td class=\"column-3\"><\/td><td class=\"column-4\"><\/td><td class=\"column-5\"><\/td>\n<\/tr>\n<tr class=\"row-10\">\n\t<td class=\"column-1\">Combinez les cam\u00e9ras de plusieurs serveurs et sites en une seule mise en page<\/td><td class=\"column-2\">*<\/td><td class=\"column-3\"><\/td><td class=\"column-4\"><\/td><td class=\"column-5\"><\/td>\n<\/tr>\n<tr class=\"row-11\">\n\t<td class=\"column-1\">Prise en charge de plusieurs moniteurs (y compris 4K)<\/td><td class=\"column-2\">*<\/td><td class=\"column-3\"><\/td><td class=\"column-4\"><\/td><td class=\"column-5\"><\/td>\n<\/tr>\n<tr class=\"row-12\">\n\t<td class=\"column-1\">S\u00e9quence de cam\u00e9ra<\/td><td class=\"column-2\">*<\/td><td class=\"column-3\"><\/td><td class=\"column-4\"><\/td><td class=\"column-5\">*<\/td>\n<\/tr>\n<tr class=\"row-13\">\n\t<td class=\"column-1\">Support panoramique (360 degr\u00e9s)<\/td><td class=\"column-2\">*<\/td><td class=\"column-3\">*<\/td><td class=\"column-4\">*<\/td><td class=\"column-5\">*<\/td>\n<\/tr>\n<tr class=\"row-14\">\n\t<td class=\"column-1\">D\u00e9clenchement manuel des sorties<\/td><td class=\"column-2\">*<\/td><td class=\"column-3\">*<\/td><td class=\"column-4\">*<\/td><td class=\"column-5\"><\/td>\n<\/tr>\n<tr class=\"row-15\">\n\t<td class=\"column-1\">Recherche analytique vid\u00e9o avanc\u00e9e (recherche intelligente)<\/td><td class=\"column-2\">avec<br \/>\nadd-on<\/td><td class=\"column-3\"><\/td><td class=\"column-4\"><\/td><td class=\"column-5\"><\/td>\n<\/tr>\n<tr class=\"row-16\">\n\t<td class=\"column-1\">Messagerie int\u00e9gr\u00e9e<\/td><td class=\"column-2\">*<\/td><td class=\"column-3\"><\/td><td class=\"column-4\"><\/td><td class=\"column-5\"><\/td>\n<\/tr>\n<tr class=\"row-17\">\n\t<td class=\"column-1\">Console d'alarme int\u00e9gr\u00e9e<\/td><td class=\"column-2\">*<\/td><td class=\"column-3\"><\/td><td class=\"column-4\"><\/td><td class=\"column-5\"><\/td>\n<\/tr>\n<tr class=\"row-18\">\n\t<td class=\"column-1\">Exportation vid\u00e9o<\/td><td class=\"column-2\">Multi-cam\u00e9ra<\/td><td class=\"column-3\"><\/td><td class=\"column-4\"><\/td><td class=\"column-5\">*<\/td>\n<\/tr>\n<tr class=\"row-19\">\n\t<td class=\"column-1\">Marquer les \u00e9v\u00e9nements<\/td><td class=\"column-2\">*<\/td><td class=\"column-3\"><\/td><td class=\"column-4\"><\/td><td class=\"column-5\"><\/td>\n<\/tr>\n<tr class=\"row-20\">\n\t<td class=\"column-1\">Journal d'alarmes<\/td><td class=\"column-2\">*<\/td><td class=\"column-3\">*<\/td><td class=\"column-4\">*<\/td><td class=\"column-5\"><\/td>\n<\/tr>\n<tr class=\"row-21\">\n\t<td class=\"column-1\">Module d'assistance \u00e0 distance<\/td><td class=\"column-2\">*<\/td><td class=\"column-3\"><\/td><td class=\"column-4\"><\/td><td class=\"column-5\"><\/td>\n<\/tr>\n<tr class=\"row-22\">\n\t<td class=\"column-1\">Plusieurs langues<\/td><td class=\"column-2\">*<\/td><td class=\"column-3\">*<\/td><td class=\"column-4\">*<\/td><td class=\"column-5\">*<\/td>\n<\/tr>\n<tr class=\"row-23\">\n\t<td class=\"column-1\">Support cartographique de r\u00e9f\u00e9rence<\/td><td class=\"column-2\">*<\/td><td class=\"column-3\"><\/td><td class=\"column-4\"><\/td><td class=\"column-5\"><\/td>\n<\/tr>\n<tr class=\"row-24\">\n\t<td class=\"column-1\">Prise en charge des cartes SIG dynamiques<br \/>\n(licence serveur d'entreprise)<\/td><td class=\"column-2\">*<\/td><td class=\"column-3\"><\/td><td class=\"column-4\"><\/td><td class=\"column-5\"><\/td>\n<\/tr>\n<tr class=\"row-25\">\n\t<td class=\"column-1\">Statut graphique des capteurs Senstar avec localisation de l'intrusion<\/td><td class=\"column-2\">*<\/td><td class=\"column-3\"><\/td><td class=\"column-4\"><\/td><td class=\"column-5\"><\/td>\n<\/tr>\n<tr class=\"row-26\">\n\t<td colspan=\"5\" class=\"column-1\"><b>Prise en charge PTZ<\/b><\/td>\n<\/tr>\n<tr class=\"row-27\">\n\t<td class=\"column-1\">Contr\u00f4le manuel des mouvements<\/td><td class=\"column-2\">*<\/td><td class=\"column-3\">*<\/td><td class=\"column-4\">*<\/td><td class=\"column-5\">*<\/td>\n<\/tr>\n<tr class=\"row-28\">\n\t<td class=\"column-1\">Contr\u00f4le par pointer-cliquer<\/td><td class=\"column-2\">*<\/td><td class=\"column-3\"><\/td><td class=\"column-4\"><\/td><td class=\"column-5\"><\/td>\n<\/tr>\n<tr class=\"row-29\">\n\t<td class=\"column-1\">Zoom sur la zone balis\u00e9e<\/td><td class=\"column-2\">*<\/td><td class=\"column-3\"><\/td><td class=\"column-4\"><\/td><td class=\"column-5\"><\/td>\n<\/tr>\n<tr class=\"row-30\">\n\t<td class=\"column-1\">Aller aux positions pr\u00e9r\u00e9gl\u00e9es<\/td><td class=\"column-2\">*<\/td><td class=\"column-3\">*<\/td><td class=\"column-4\">*<\/td><td class=\"column-5\">*<\/td>\n<\/tr>\n<tr class=\"row-31\">\n\t<td class=\"column-1\">Support pour joystick<\/td><td class=\"column-2\">*<\/td><td class=\"column-3\"><\/td><td class=\"column-4\"><\/td><td class=\"column-5\">*<\/td>\n<\/tr>\n<tr class=\"row-32\">\n\t<td colspan=\"5\" class=\"column-1\"><b>Matrice virtuelle<\/b><\/td>\n<\/tr>\n<tr class=\"row-33\">\n\t<td class=\"column-1\">Configuration \u00e0 multi-cam\u00e9ras personnalisable<\/td><td class=\"column-2\">*<\/td><td class=\"column-3\">*<\/td><td class=\"column-4\"><\/td><td class=\"column-5\">*<\/td>\n<\/tr>\n<tr class=\"row-34\">\n\t<td class=\"column-1\">Options d'affichage personnalisables (fixe)<\/td><td class=\"column-2\">*<\/td><td class=\"column-3\"><\/td><td class=\"column-4\"><\/td><td class=\"column-5\"><\/td>\n<\/tr>\n<tr class=\"row-35\">\n\t<td class=\"column-1\">Options d'affichage personnalisables (en mouvement)<\/td><td class=\"column-2\">*<\/td><td class=\"column-3\"><\/td><td class=\"column-4\"><\/td><td class=\"column-5\">*<\/td>\n<\/tr>\n<tr class=\"row-36\">\n\t<td colspan=\"5\" class=\"column-1\"><b>Acc\u00e8s utilisateur<\/b><\/td>\n<\/tr>\n<tr class=\"row-37\">\n\t<td class=\"column-1\">Contr\u00f4le des utilisateurs<\/td><td class=\"column-2\">*<\/td><td class=\"column-3\"><\/td><td class=\"column-4\"><\/td><td class=\"column-5\"><\/td>\n<\/tr>\n<tr class=\"row-38\">\n\t<td class=\"column-1\">Autorisations par utilisateur<\/td><td class=\"column-2\">*<\/td><td class=\"column-3\">*<\/td><td class=\"column-4\">*<\/td><td class=\"column-5\">*<\/td>\n<\/tr>\n<tr class=\"row-39\">\n\t<td class=\"column-1\">Autorisations par groupes d\u2019utilisateurs<\/td><td class=\"column-2\">*<\/td><td class=\"column-3\">*<\/td><td class=\"column-4\">*<\/td><td class=\"column-5\">*<\/td>\n<\/tr>\n<tr class=\"row-40\">\n\t<td class=\"column-1\">Profils de s\u00e9curit\u00e9<\/td><td class=\"column-2\">*<\/td><td class=\"column-3\"><\/td><td class=\"column-4\"><\/td><td class=\"column-5\"><\/td>\n<\/tr>\n<tr class=\"row-41\">\n\t<td class=\"column-1\">Microsoft Active Directory<\/td><td class=\"column-2\">*<\/td><td class=\"column-3\">*<\/td><td class=\"column-4\">*<\/td><td class=\"column-5\"><\/td>\n<\/tr>\n<tr class=\"row-42\">\n\t<td class=\"column-1\">Authentification inter-domaines (licence serveur Entreprise)<\/td><td class=\"column-2\">*<\/td><td class=\"column-3\">*<\/td><td class=\"column-4\">*<\/td><td class=\"column-5\"><\/td>\n<\/tr>\n<tr class=\"row-43\">\n\t<td class=\"column-1\">Restreindre les connexions simultan\u00e9es<br \/>\n(licence serveur Entreprise)<\/td><td class=\"column-2\">*<\/td><td class=\"column-3\">*<\/td><td class=\"column-4\">*<\/td><td class=\"column-5\"><\/td>\n<\/tr>\n<tr class=\"row-44\">\n\t<td class=\"column-1\">Connexions du superviseur <\/td><td class=\"column-2\">*<\/td><td class=\"column-3\"><\/td><td class=\"column-4\"><\/td><td class=\"column-5\"><\/td>\n<\/tr>\n<tr class=\"row-45\">\n\t<td colspan=\"5\" class=\"column-1\"><b>Rapports<\/b><\/td>\n<\/tr>\n<tr class=\"row-46\">\n\t<td class=\"column-1\">Rapport de connexion<\/td><td class=\"column-2\">*<\/td><td class=\"column-3\"><\/td><td class=\"column-4\"><\/td><td class=\"column-5\"><\/td>\n<\/tr>\n<tr class=\"row-47\">\n\t<td class=\"column-1\">Nombre d'alarmes et statistiques<\/td><td class=\"column-2\">*<\/td><td class=\"column-3\"><\/td><td class=\"column-4\"><\/td><td class=\"column-5\"><\/td>\n<\/tr>\n<tr class=\"row-48\">\n\t<td class=\"column-1\">Rapports sur le nombre d'objets (personnes,<br \/>\nv\u00e9hicules, etc.)<\/td><td class=\"column-2\">Avec add-on<\/td><td class=\"column-3\"><\/td><td class=\"column-4\"><\/td><td class=\"column-5\"><\/td>\n<\/tr>\n<tr class=\"row-49\">\n\t<td class=\"column-1\">Rapport sur la carte thermique<\/td><td class=\"column-2\">Avec add-on<\/td><td class=\"column-3\"><\/td><td class=\"column-4\"><\/td><td class=\"column-5\"><\/td>\n<\/tr>\n<tr class=\"row-50\">\n\t<td class=\"column-1\">Rapport ALPR<\/td><td class=\"column-2\">Avec add-on<\/td><td class=\"column-3\"><\/td><td class=\"column-4\"><\/td><td class=\"column-5\"><\/td>\n<\/tr>\n<\/tbody>\n<\/table>\n<!-- #tablepress-21 from cache -->\n<h1>Serveur Senstar Symphony<\/h1>\n\n<table id=\"tablepress-22\" class=\"tablepress tablepress-id-22 tbody-has-connected-cells\">\n<thead>\n<tr class=\"row-1\">\n\t<td class=\"column-1\"><\/td><th class=\"column-2\">Licence standard<br \/>\n(serveur unique)<\/th><th class=\"column-3\">Licence entreprise (haute disponibilit\u00e9)<\/th>\n<\/tr>\n<\/thead>\n<tbody class=\"row-striping row-hover\">\n<tr class=\"row-2\">\n\t<td colspan=\"3\" class=\"column-1\"><\/td>\n<\/tr>\n<tr class=\"row-3\">\n\t<td class=\"column-1\">Syst\u00e8me d'exploitation pris en charge<\/td><td colspan=\"2\" class=\"column-2\">Windows\u00ae 10, Serveur 2012, 2016, 2019<\/td>\n<\/tr>\n<tr class=\"row-4\">\n\t<td class=\"column-1\">Nombre de cam\u00e9ras par serveur<\/td><td class=\"column-2\">1024<\/td><td class=\"column-3\">1024<\/td>\n<\/tr>\n<tr class=\"row-5\">\n\t<td class=\"column-1\">Nombre de connexions simultan\u00e9es au client<\/td><td class=\"column-2\">illimit\u00e9<\/td><td class=\"column-3\">illimit\u00e9<\/td>\n<\/tr>\n<tr class=\"row-6\">\n\t<td class=\"column-1\">Multi-serveurs (ferme de serveurs)<\/td><td class=\"column-2\"><\/td><td class=\"column-3\">illimit\u00e9<\/td>\n<\/tr>\n<tr class=\"row-7\">\n\t<td class=\"column-1\">Client Web compatible HTML5<\/td><td class=\"column-2\">*<\/td><td class=\"column-3\">*<\/td>\n<\/tr>\n<tr class=\"row-8\">\n\t<td class=\"column-1\">Application mobile (iOS, Android)<\/td><td class=\"column-2\">*<\/td><td class=\"column-3\">*<\/td>\n<\/tr>\n<tr class=\"row-9\">\n\t<td class=\"column-1\">Virtualisation du serveur<\/td><td class=\"column-2\">*<\/td><td class=\"column-3\">*<\/td>\n<\/tr>\n<tr class=\"row-10\">\n\t<td class=\"column-1\">Audio bidirectionnel<\/td><td class=\"column-2\">*<\/td><td class=\"column-3\">*<\/td>\n<\/tr>\n<tr class=\"row-11\">\n\t<td class=\"column-1\">Prise en charge de la monodiffusion, de la multidiffusion et du multiflux<\/td><td class=\"column-2\">*<\/td><td class=\"column-3\">*<\/td>\n<\/tr>\n<tr class=\"row-12\">\n\t<td class=\"column-1\">Prise en charge de la vid\u00e9o sur IP<br \/>\n(MJPEG\/MPEG-4\/h.264\/h.265)<\/td><td class=\"column-2\">*<\/td><td class=\"column-3\">*<\/td>\n<\/tr>\n<tr class=\"row-13\">\n\t<td class=\"column-1\">Jeux de dispositifs<\/td><td class=\"column-2\">*<\/td><td class=\"column-3\">*<\/td>\n<\/tr>\n<tr class=\"row-14\">\n\t<td class=\"column-1\">Plusieurs langues<\/td><td class=\"column-2\">*<\/td><td class=\"column-3\">*<\/td>\n<\/tr>\n<tr class=\"row-15\">\n\t<td class=\"column-1\">Niveaux d'acc\u00e8s utilisateur<br \/>\npersonnalisables<\/td><td class=\"column-2\">*<\/td><td class=\"column-3\">*<\/td>\n<\/tr>\n<tr class=\"row-16\">\n\t<td class=\"column-1\">Contr\u00f4les de confidentialit\u00e9 et brouillage vid\u00e9o<\/td><td class=\"column-2\">*<\/td><td class=\"column-3\">*<\/td>\n<\/tr>\n<tr class=\"row-17\">\n\t<td class=\"column-1\">Acc\u00e8s par tranche de temps \u00e0 la vid\u00e9o<br \/>\nenregistr\u00e9e<\/td><td class=\"column-2\">*<\/td><td class=\"column-3\">*<\/td>\n<\/tr>\n<tr class=\"row-18\">\n\t<td class=\"column-1\">Basculement de serveur automatique<\/td><td class=\"column-2\"><\/td><td class=\"column-3\">*<\/td>\n<\/tr>\n<tr class=\"row-19\">\n\t<td class=\"column-1\">Mur vid\u00e9o<\/td><td class=\"column-2\"><\/td><td class=\"column-3\">*<\/td>\n<\/tr>\n<tr class=\"row-20\">\n\t<td colspan=\"3\" class=\"column-1\"><b>Stockage et archivage<\/b><\/td>\n<\/tr>\n<tr class=\"row-21\">\n\t<td class=\"column-1\">Enregistrement local ou stockage en p\u00e9riph\u00e9rie\/r\u00e9seau<\/td><td class=\"column-2\">*<\/td><td class=\"column-3\">*<\/td>\n<\/tr>\n<tr class=\"row-22\">\n\t<td class=\"column-1\">Enregistrement \u00e0 partir d\u2019un mouvement (depuis la cam\u00e9ra), d\u2019un programme, d\u2019une alarme, et en continu<\/td><td class=\"column-2\">*<\/td><td class=\"column-3\">*<\/td>\n<\/tr>\n<tr class=\"row-23\">\n\t<td class=\"column-1\">Enregistrement redondant<\/td><td class=\"column-2\"><\/td><td class=\"column-3\">*<\/td>\n<\/tr>\n<tr class=\"row-24\">\n\t<td class=\"column-1\">Enregistrement de basculement<\/td><td class=\"column-2\"><\/td><td class=\"column-3\">*<\/td>\n<\/tr>\n<tr class=\"row-25\">\n\t<td colspan=\"3\" class=\"column-1\"><b>Gestion<\/b><\/td>\n<\/tr>\n<tr class=\"row-26\">\n\t<td class=\"column-1\">D\u00e9tection automatique de la cam\u00e9ra<\/td><td class=\"column-2\">*<\/td><td class=\"column-3\">*<\/td>\n<\/tr>\n<tr class=\"row-27\">\n\t<td class=\"column-1\">Gestion centralis\u00e9e du dispositif<\/td><td class=\"column-2\">*<\/td><td class=\"column-3\">*<\/td>\n<\/tr>\n<tr class=\"row-28\">\n\t<td class=\"column-1\">Sauvegardes automatiques de la<br \/>\nconfiguration<\/td><td class=\"column-2\">*<\/td><td class=\"column-3\">*<\/td>\n<\/tr>\n<tr class=\"row-29\">\n\t<td class=\"column-1\">Changements de configuration<br \/>\nininterrompus<\/td><td class=\"column-2\">*<\/td><td class=\"column-3\">*<\/td>\n<\/tr>\n<tr class=\"row-30\">\n\t<td class=\"column-1\">Diagnostics \u00e0 distance<\/td><td class=\"column-2\">*<\/td><td class=\"column-3\">*<\/td>\n<\/tr>\n<tr class=\"row-31\">\n\t<td class=\"column-1\">Surveillance de l'\u00e9tat via SNMP<\/td><td class=\"column-2\">*<\/td><td class=\"column-3\">*<\/td>\n<\/tr>\n<tr class=\"row-32\">\n\t<td class=\"column-1\">Protection contre la surcharge du<br \/>\nprocesseur<\/td><td class=\"column-2\"><\/td><td class=\"column-3\"><\/td>\n<\/tr>\n<tr class=\"row-33\">\n\t<td class=\"column-1\">Gestion du cloud<\/td><td colspan=\"2\" class=\"column-2\">N\u00e9cessite Senstar Enterprise Manager<\/td>\n<\/tr>\n<tr class=\"row-34\">\n\t<td colspan=\"3\" class=\"column-1\"><b>Int\u00e9gration<\/b><\/td>\n<\/tr>\n<tr class=\"row-35\">\n\t<td class=\"column-1\">P\u00e9riph\u00e9riques E\/S externes<\/td><td class=\"column-2\">*<\/td><td class=\"column-3\">*<\/td>\n<\/tr>\n<tr class=\"row-36\">\n\t<td class=\"column-1\">\u00c9v\u00e9nements g\u00e9n\u00e9riques via TCP\/IP<\/td><td class=\"column-2\">*<\/td><td class=\"column-3\">*<\/td>\n<\/tr>\n<tr class=\"row-37\">\n\t<td class=\"column-1\">Panneau d'alarme<\/td><td class=\"column-2\">*<\/td><td class=\"column-3\">*<\/td>\n<\/tr>\n<tr class=\"row-38\">\n\t<td class=\"column-1\">Contr\u00f4le d\u2019acc\u00e8s<\/td><td class=\"column-2\">Symphony CA<br \/>\nseulement<\/td><td class=\"column-3\">*<\/td>\n<\/tr>\n<tr class=\"row-39\">\n\t<td class=\"column-1\">Serveur API\/SDK<\/td><td class=\"column-2\"><\/td><td class=\"column-3\">*<\/td>\n<\/tr>\n<tr class=\"row-40\">\n\t<td class=\"column-1\">Prise en charge de l'acc\u00e8s aux donn\u00e9es<br \/>\nOPC<\/td><td class=\"column-2\"><\/td><td class=\"column-3\">*<\/td>\n<\/tr>\n<tr class=\"row-41\">\n\t<td colspan=\"3\" class=\"column-1\"><b>Alertes et notifications<\/b><\/td>\n<\/tr>\n<tr class=\"row-42\">\n\t<td class=\"column-1\">Appareils mobiles (iOS et Android)<\/td><td class=\"column-2\">*<\/td><td class=\"column-3\">*<\/td>\n<\/tr>\n<tr class=\"row-43\">\n\t<td class=\"column-1\">P\u00e9riph\u00e9riques E\/S<\/td><td class=\"column-2\">*<\/td><td class=\"column-3\">*<\/td>\n<\/tr>\n<tr class=\"row-44\">\n\t<td class=\"column-1\">Notification par e-mail, FTP, TCP, SNMP, OPC<\/td><td class=\"column-2\">*<\/td><td class=\"column-3\">*<\/td>\n<\/tr>\n<tr class=\"row-45\">\n\t<td colspan=\"3\" class=\"column-1\"><b>Contr\u00f4les de confidentialit\u00e9<\/b><\/td>\n<\/tr>\n<tr class=\"row-46\">\n\t<td class=\"column-1\">Permisions utilisateur granulaires et profils de s\u00e9curit\u00e9<\/td><td class=\"column-2\">*<\/td><td class=\"column-3\">*<\/td>\n<\/tr>\n<tr class=\"row-47\">\n\t<td class=\"column-1\">R\u00e8gles pour deux personnes<\/td><td class=\"column-2\">*<\/td><td class=\"column-3\">*<\/td>\n<\/tr>\n<tr class=\"row-48\">\n\t<td class=\"column-1\">Acc\u00e8s \u00e0 la vid\u00e9o en fonction du temps<\/td><td class=\"column-2\">*<\/td><td class=\"column-3\">*<\/td>\n<\/tr>\n<tr class=\"row-49\">\n\t<td class=\"column-1\">Permis d'acc\u00e8s PTZ et appareil<\/td><td class=\"column-2\">*<\/td><td class=\"column-3\">*<\/td>\n<\/tr>\n<tr class=\"row-50\">\n\t<td class=\"column-1\">Masques de confidentialit\u00e9 dynamiques et statiques<\/td><td class=\"column-2\">*<\/td><td class=\"column-3\">*<\/td>\n<\/tr>\n<tr class=\"row-51\">\n\t<td class=\"column-1\">Cr\u00e9er des masques lors de l'exportation vid\u00e9o<\/td><td class=\"column-2\">*<\/td><td class=\"column-3\">*<\/td>\n<\/tr>\n<\/tbody>\n<\/table>\n<!-- #tablepress-22 from cache -->\n","protected":false},"excerpt":{"rendered":"<p>Clients Senstar Symphony Serveur Senstar Symphony<\/p>\n","protected":false},"author":3,"featured_media":0,"parent":3731,"menu_order":24,"comment_status":"closed","ping_status":"closed","template":"","meta":{"content-type":"","footnotes":""},"class_list":["post-6589","page","type-page","status-publish","hentry"],"_links":{"self":[{"href":"https:\/\/senstar.com\/fr\/wp-json\/wp\/v2\/pages\/6589","targetHints":{"allow":["GET"]}}],"collection":[{"href":"https:\/\/senstar.com\/fr\/wp-json\/wp\/v2\/pages"}],"about":[{"href":"https:\/\/senstar.com\/fr\/wp-json\/wp\/v2\/types\/page"}],"author":[{"embeddable":true,"href":"https:\/\/senstar.com\/fr\/wp-json\/wp\/v2\/users\/3"}],"replies":[{"embeddable":true,"href":"https:\/\/senstar.com\/fr\/wp-json\/wp\/v2\/comments?post=6589"}],"version-history":[{"count":0,"href":"https:\/\/senstar.com\/fr\/wp-json\/wp\/v2\/pages\/6589\/revisions"}],"up":[{"embeddable":true,"href":"https:\/\/senstar.com\/fr\/wp-json\/wp\/v2\/pages\/3731"}],"wp:attachment":[{"href":"https:\/\/senstar.com\/fr\/wp-json\/wp\/v2\/media?parent=6589"}],"curies":[{"name":"wp","href":"https:\/\/api.w.org\/{rel}","templated":true}]}}