{"id":6573,"date":"2019-11-15T20:44:55","date_gmt":"2019-11-15T20:44:55","guid":{"rendered":"https:\/\/senstarcorp.wpengine.com\/?page_id=6573"},"modified":"2021-06-28T15:11:16","modified_gmt":"2021-06-28T19:11:16","slug":"flare-videos-pratiques","status":"publish","type":"page","link":"https:\/\/senstar.com\/fr\/ressources-produit\/flare-videos-pratiques\/","title":{"rendered":"Flare Vid\u00e9os pratiques"},"content":{"rendered":"<h2>Les vid\u00e9os d&#8217;instructions suivantes expliquent comment installer, configurer et calibrer <a href=\"\/fr\/produits\/systeme-de-protection-du-travailleur-isole\/flare\/\">le syst\u00e8me de localisation en temps r\u00e9el Flare<\/a> (RTLS).<\/h2>\n<div class=\"cols\" data-gap=\"normal\" data-col-desktop=\"2\" data-col-tablet=\"2\" data-col-mobile=\"1\"><div class=\"col\">\n<h3>System Overview<\/h3>\n<p><iframe loading=\"lazy\" src=\"https:\/\/www.youtube.com\/embed\/p_ZRUCuBWnE\" width=\"358\" height=\"202\" frameborder=\"0\" allowfullscreen=\"allowfullscreen\" title=\"System Overview Video\"><\/iframe><\/p>\n<\/div><!-- \/.col --><div class=\"col\">\n<h3>Configuring Sensor Units Part 1<\/h3>\n<p><iframe loading=\"lazy\" src=\"https:\/\/www.youtube.com\/embed\/CHYUmtBaw04\" width=\"358\" height=\"202\" frameborder=\"0\" allowfullscreen=\"allowfullscreen\" title=\"Configuring Sensor Units Part 1 Video\"><\/iframe><\/p>\n<\/div><!-- \/.col --><\/div><!-- \/.cols --><div class=\"cols\" data-gap=\"normal\" data-col-desktop=\"2\" data-col-tablet=\"2\" data-col-mobile=\"1\"><div class=\"col\">\n<h3>Configuring Sensor Units Part 2<\/h3>\n<p><iframe loading=\"lazy\" src=\"https:\/\/www.youtube.com\/embed\/9fQZpodx3Vk\" width=\"358\" height=\"202\" frameborder=\"0\" allowfullscreen=\"allowfullscreen\" title=\"Configuring Sensor Units Part 2 Video\"><\/iframe><\/p>\n<\/div><!-- \/.col --><div class=\"col\">\n<h3>Configuring Sensor Units Part 3<\/h3>\n<p><iframe loading=\"lazy\" src=\"https:\/\/www.youtube.com\/embed\/88OHQPSGlzc\" width=\"358\" height=\"202\" frameborder=\"0\" allowfullscreen=\"allowfullscreen\" title=\"Configuring Sensor Units Part 3 Video\"><\/iframe><\/p>\n<\/div><!-- \/.col --><\/div><!-- \/.cols --><div class=\"cols\" data-gap=\"normal\" data-col-desktop=\"2\" data-col-tablet=\"2\" data-col-mobile=\"1\"><div class=\"col\">\n<h3>Programming PPDs<\/h3>\n<p><iframe loading=\"lazy\" src=\"https:\/\/www.youtube.com\/embed\/TiiZfBJYGfI\" width=\"358\" height=\"202\" frameborder=\"0\" allowfullscreen=\"allowfullscreen\" title=\"Programming PPDs Video\"><\/iframe><\/p>\n<\/div><!-- \/.col --><div class=\"col\">\n<h3>Installing Sensor Units<\/h3>\n<p><iframe loading=\"lazy\" src=\"https:\/\/www.youtube.com\/embed\/sbcEqZMddv4\" width=\"358\" height=\"202\" frameborder=\"0\" allowfullscreen=\"allowfullscreen\" title=\"Installing Sensor Units Video\"><\/iframe><\/p>\n<\/div><!-- \/.col --><\/div><!-- \/.cols --><div class=\"cols\" data-gap=\"normal\" data-col-desktop=\"2\" data-col-tablet=\"2\" data-col-mobile=\"1\"><div class=\"col\">\n<h3>Replacing Sensor Units<\/h3>\n<p><iframe loading=\"lazy\" src=\"https:\/\/www.youtube.com\/embed\/4TWrRymoudQ\" width=\"358\" height=\"202\" frameborder=\"0\" allowfullscreen=\"allowfullscreen\" title=\"Replacing Sensor Units Video\"><\/iframe><\/p>\n<\/div><!-- \/.col --><div class=\"col\">\n<h3>Calibrating the System<\/h3>\n<p><iframe loading=\"lazy\" src=\"https:\/\/www.youtube.com\/embed\/VaTMyM5E-tM\" width=\"358\" height=\"202\" frameborder=\"0\" allowfullscreen=\"allowfullscreen\" title=\"Calibrating the System Video\"><\/iframe><\/p>\n<\/div><!-- \/.col --><\/div><!-- \/.cols --><div class=\"cols\" data-gap=\"normal\" data-col-desktop=\"2\" data-col-tablet=\"2\" data-col-mobile=\"1\"><div class=\"col\">\n<h3>Connecting External Antennas to Sensor Units<\/h3>\n<p><iframe loading=\"lazy\" src=\"https:\/\/www.youtube.com\/embed\/VKVulHt-jGc\" width=\"358\" height=\"202\" frameborder=\"0\" allowfullscreen=\"allowfullscreen\" title=\"Connecting External Antennas to Sensor Units Video\"><\/iframe><\/p>\n<\/div><!-- \/.col --><div class=\"col\">\n<h3>Changing Battery in PPD<\/h3>\n<p><iframe loading=\"lazy\" src=\"https:\/\/www.youtube.com\/embed\/v8c8dUGm7Z0\" width=\"358\" height=\"202\" frameborder=\"0\" allowfullscreen=\"allowfullscreen\" title=\"Changing Battery in PPDF Video\"><\/iframe><\/p>\n<\/div><!-- \/.col --><\/div><!-- \/.cols --><div class=\"cols\" data-gap=\"normal\" data-col-desktop=\"2\" data-col-tablet=\"2\" data-col-mobile=\"1\"><div class=\"col\">\n<h3>Getting to Know Your PPD<\/h3>\n<p><iframe loading=\"lazy\" src=\"https:\/\/www.youtube.com\/embed\/2ah0z0lcgV0\" width=\"358\" height=\"202\" frameborder=\"0\" allowfullscreen=\"allowfullscreen\" title=\"Getting to Know Your PPDF Video\"><\/iframe><\/p>\n<\/div><!-- \/.col --><\/div><!-- \/.cols -->\n","protected":false},"excerpt":{"rendered":"<p>Les vid\u00e9os d&#8217;instructions suivantes expliquent comment installer, configurer et calibrer le syst\u00e8me de localisation en temps r\u00e9el Flare (RTLS).<\/p>\n","protected":false},"author":3,"featured_media":0,"parent":3731,"menu_order":14,"comment_status":"closed","ping_status":"closed","template":"","meta":{"content-type":"","footnotes":""},"class_list":["post-6573","page","type-page","status-publish","hentry"],"_links":{"self":[{"href":"https:\/\/senstar.com\/fr\/wp-json\/wp\/v2\/pages\/6573","targetHints":{"allow":["GET"]}}],"collection":[{"href":"https:\/\/senstar.com\/fr\/wp-json\/wp\/v2\/pages"}],"about":[{"href":"https:\/\/senstar.com\/fr\/wp-json\/wp\/v2\/types\/page"}],"author":[{"embeddable":true,"href":"https:\/\/senstar.com\/fr\/wp-json\/wp\/v2\/users\/3"}],"replies":[{"embeddable":true,"href":"https:\/\/senstar.com\/fr\/wp-json\/wp\/v2\/comments?post=6573"}],"version-history":[{"count":0,"href":"https:\/\/senstar.com\/fr\/wp-json\/wp\/v2\/pages\/6573\/revisions"}],"up":[{"embeddable":true,"href":"https:\/\/senstar.com\/fr\/wp-json\/wp\/v2\/pages\/3731"}],"wp:attachment":[{"href":"https:\/\/senstar.com\/fr\/wp-json\/wp\/v2\/media?parent=6573"}],"curies":[{"name":"wp","href":"https:\/\/api.w.org\/{rel}","templated":true}]}}