{"id":6570,"date":"2019-11-15T20:42:44","date_gmt":"2019-11-15T20:42:44","guid":{"rendered":"https:\/\/senstarcorp.wpengine.com\/?page_id=6570"},"modified":"2021-06-28T15:18:07","modified_gmt":"2021-06-28T19:18:07","slug":"senstar-lm100-videos-pratiques","status":"publish","type":"page","link":"https:\/\/senstar.com\/fr\/ressources-produit\/senstar-lm100-videos-pratiques\/","title":{"rendered":"Senstar LM100 Vid\u00e9os pratiques"},"content":{"rendered":"<h2>Les vid\u00e9os d&#8217;instructions suivantes expliquent comment installer, configurer et \u00e9talonner le syst\u00e8me de d\u00e9tection d&#8217;intrusion de p\u00e9rim\u00e8tre hybride <a href=\"\/fr\/produits\/capteurs-de-cloture\/senstar-lm100\/\">Senstar LM100<\/a> et le syst\u00e8me d&#8217;\u00e9clairage intelligent.<\/h2>\n<div class=\"cols\" data-gap=\"normal\" data-col-desktop=\"2\" data-col-tablet=\"2\" data-col-mobile=\"1\"><div class=\"col\">\n<h3>Installation Tutorial<\/h3>\n<p><iframe loading=\"lazy\" src=\"https:\/\/www.youtube.com\/embed\/awdeqzeXIBs\" width=\"358\" height=\"202\" frameborder=\"0\" allowfullscreen=\"allowfullscreen\" title=\"Installation Tutorial Video\"><\/iframe><\/p>\n<\/div><!-- \/.col --><div class=\"col\">\n<h3>Configuration Tutorial<\/h3>\n<p><iframe loading=\"lazy\" src=\"https:\/\/www.youtube.com\/embed\/nfOL4QIA0Sc\" width=\"358\" height=\"202\" frameborder=\"0\" allowfullscreen=\"allowfullscreen\" title=\"Configuration Tutorial Video\"><\/iframe><\/p>\n<\/div><!-- \/.col --><\/div><!-- \/.cols --><div class=\"cols\" data-gap=\"normal\" data-col-desktop=\"2\" data-col-tablet=\"2\" data-col-mobile=\"1\"><div class=\"col\">\n<h3>Alarm Panel Connections<\/h3>\n<p><iframe loading=\"lazy\" src=\"https:\/\/www.youtube.com\/embed\/OgH1umtm1zM\" width=\"358\" height=\"202\" frameborder=\"0\" allowfullscreen=\"allowfullscreen\" title=\"Alarm Panel Connections Video\"><\/iframe><\/p>\n<\/div><!-- \/.col --><\/div><!-- \/.cols -->\n","protected":false},"excerpt":{"rendered":"<p>Les vid\u00e9os d&#8217;instructions suivantes expliquent comment installer, configurer et \u00e9talonner le syst\u00e8me de d\u00e9tection d&#8217;intrusion de p\u00e9rim\u00e8tre hybride Senstar LM100 et le syst\u00e8me d&#8217;\u00e9clairage intelligent.<\/p>\n","protected":false},"author":3,"featured_media":0,"parent":3731,"menu_order":21,"comment_status":"closed","ping_status":"closed","template":"","meta":{"content-type":"","footnotes":""},"class_list":["post-6570","page","type-page","status-publish","hentry"],"_links":{"self":[{"href":"https:\/\/senstar.com\/fr\/wp-json\/wp\/v2\/pages\/6570","targetHints":{"allow":["GET"]}}],"collection":[{"href":"https:\/\/senstar.com\/fr\/wp-json\/wp\/v2\/pages"}],"about":[{"href":"https:\/\/senstar.com\/fr\/wp-json\/wp\/v2\/types\/page"}],"author":[{"embeddable":true,"href":"https:\/\/senstar.com\/fr\/wp-json\/wp\/v2\/users\/3"}],"replies":[{"embeddable":true,"href":"https:\/\/senstar.com\/fr\/wp-json\/wp\/v2\/comments?post=6570"}],"version-history":[{"count":0,"href":"https:\/\/senstar.com\/fr\/wp-json\/wp\/v2\/pages\/6570\/revisions"}],"up":[{"embeddable":true,"href":"https:\/\/senstar.com\/fr\/wp-json\/wp\/v2\/pages\/3731"}],"wp:attachment":[{"href":"https:\/\/senstar.com\/fr\/wp-json\/wp\/v2\/media?parent=6570"}],"curies":[{"name":"wp","href":"https:\/\/api.w.org\/{rel}","templated":true}]}}