{"id":2989,"date":"2019-11-02T17:24:03","date_gmt":"2019-11-02T17:24:03","guid":{"rendered":"https:\/\/senstarcorp.wpengine.com\/?page_id=2989"},"modified":"2024-10-21T15:07:56","modified_gmt":"2024-10-21T19:07:56","slug":"garantie","status":"publish","type":"page","link":"https:\/\/senstar.com\/fr\/support\/garantie\/","title":{"rendered":"Garantie"},"content":{"rendered":"<h1>Programme de garantie<\/h1>\n<p>La plupart des produits Senstar sont garantis trois ans \u00e0 compter de la date d\u2019exp\u00e9dition initiale depuis notre site de production, \u00e0 Ottawa (Canada).<\/p>\n<p>Exceptions pour les produits suivants :<\/p>\n<ul>\n<li><a href=\"\/fr\/produits\/video-management\/thin-client\/\">Thin Client<\/a>\u2014garanti deux ans<\/li>\n<li><a href=\"\/fr\/produits\/gestion-de-la-securite\/starnet\/\">StarNet<\/a>\u2014garanti deux ans<\/li>\n<li><a href=\"https:\/\/senstar.com\/fr\/produits\/gestion-de-la-video\/plateforme-dexploitation-commun-senstar-symphony\/\">Senstar Symphony<\/a>\u2014garanti 90 jours<\/li>\n<\/ul>\n<p>De plus, <a href=\"\/fr\/produits\/gestion-de-la-video\/network-video-recorders\/\">les enregistreurs vid\u00e9o sur IP R-Series<\/a> et les postes de travail de Senstar comprennent l\u2019assistance mat\u00e9rielle sur site le jour ouvrable suivant la d\u00e9claration de la panne pendant la p\u00e9riode de garantie.<\/p>\n<h2>Garantie prolong\u00e9e<\/h2>\n<p>L\u2019extension de garantie offerte pour tous les produits Senstar fait partie du programme <a href=\"\/fr\/support\/senstar-care\/\">Senstar Care<\/a>.<\/p>\n","protected":false},"excerpt":{"rendered":"<p>Programme de garantie La plupart des produits Senstar sont garantis trois ans \u00e0 compter de la date d\u2019exp\u00e9dition initiale depuis notre site de production, \u00e0 Ottawa (Canada). Exceptions pour les produits&#8230;<\/p>\n","protected":false},"author":1,"featured_media":0,"parent":827,"menu_order":3,"comment_status":"closed","ping_status":"closed","template":"","meta":{"content-type":"","footnotes":""},"class_list":["post-2989","page","type-page","status-publish","hentry"],"_links":{"self":[{"href":"https:\/\/senstar.com\/fr\/wp-json\/wp\/v2\/pages\/2989","targetHints":{"allow":["GET"]}}],"collection":[{"href":"https:\/\/senstar.com\/fr\/wp-json\/wp\/v2\/pages"}],"about":[{"href":"https:\/\/senstar.com\/fr\/wp-json\/wp\/v2\/types\/page"}],"author":[{"embeddable":true,"href":"https:\/\/senstar.com\/fr\/wp-json\/wp\/v2\/users\/1"}],"replies":[{"embeddable":true,"href":"https:\/\/senstar.com\/fr\/wp-json\/wp\/v2\/comments?post=2989"}],"version-history":[{"count":0,"href":"https:\/\/senstar.com\/fr\/wp-json\/wp\/v2\/pages\/2989\/revisions"}],"up":[{"embeddable":true,"href":"https:\/\/senstar.com\/fr\/wp-json\/wp\/v2\/pages\/827"}],"wp:attachment":[{"href":"https:\/\/senstar.com\/fr\/wp-json\/wp\/v2\/media?parent=2989"}],"curies":[{"name":"wp","href":"https:\/\/api.w.org\/{rel}","templated":true}]}}