{"id":10795,"date":"2021-12-15T17:36:06","date_gmt":"2021-12-15T21:36:06","guid":{"rendered":"https:\/\/senstar.com\/support\/senstar-security-advisory-apache-log4j\/"},"modified":"2021-12-15T17:45:55","modified_gmt":"2021-12-15T21:45:55","slug":"senstar-security-advisory-apache-log4j","status":"publish","type":"page","link":"https:\/\/senstar.com\/fr\/support\/senstar-security-advisory-apache-log4j\/","title":{"rendered":"Senstar Security Advisory &#8211; Apache Log4j"},"content":{"rendered":"<h3>Incident<\/h3>\n<p>Le vendredi 10 d\u00e9cembre 2021, la nouvelle de l&#8217;exploitation active d&#8217;une vuln\u00e9rabilit\u00e9 d&#8217;ex\u00e9cution de code \u00e0 distance (CVE-2021-44228) affectant Apache Log4j a \u00e9t\u00e9 annonc\u00e9e. Cette vuln\u00e9rabilit\u00e9, surnomm\u00e9e Log4Shell ou LogJam, est une vuln\u00e9rabilit\u00e9 d&#8217;ex\u00e9cution de code \u00e0 distance non authentifi\u00e9e permettant une prise de contr\u00f4le compl\u00e8te du syst\u00e8me sur les syst\u00e8mes \u00e9quip\u00e9s de Log4j.<\/p>\n<h3>Produits Senstar non affect\u00e9s<\/h3>\n<p>Senstar a v\u00e9rifi\u00e9 qu&#8217;aucun de ses produits de gestion vid\u00e9o, y compris Senstar Symphony, ou de ses produits de d\u00e9tection d&#8217;intrusion p\u00e9rim\u00e9trique, n&#8217;a \u00e9t\u00e9 affect\u00e9 par les vuln\u00e9rabilit\u00e9s Apache Log4j.<\/p>\n<p>Si vous avez d&#8217;autres questions, veuillez contacter notre <a href=\"https:\/\/senstar.com\/fr\/support\/demandez-soutien-technique\/\">\u00e9quipe d&#8217;assistance<\/a>.<\/p>\n","protected":false},"excerpt":{"rendered":"<p>Incident Le vendredi 10 d\u00e9cembre 2021, la nouvelle de l&#8217;exploitation active d&#8217;une vuln\u00e9rabilit\u00e9 d&#8217;ex\u00e9cution de code \u00e0 distance (CVE-2021-44228) affectant Apache Log4j a \u00e9t\u00e9 annonc\u00e9e. Cette vuln\u00e9rabilit\u00e9, surnomm\u00e9e Log4Shell ou LogJam,&#8230;<\/p>\n","protected":false},"author":3,"featured_media":0,"parent":827,"menu_order":1,"comment_status":"closed","ping_status":"closed","template":"","meta":{"content-type":"","footnotes":""},"class_list":["post-10795","page","type-page","status-publish","hentry"],"_links":{"self":[{"href":"https:\/\/senstar.com\/fr\/wp-json\/wp\/v2\/pages\/10795","targetHints":{"allow":["GET"]}}],"collection":[{"href":"https:\/\/senstar.com\/fr\/wp-json\/wp\/v2\/pages"}],"about":[{"href":"https:\/\/senstar.com\/fr\/wp-json\/wp\/v2\/types\/page"}],"author":[{"embeddable":true,"href":"https:\/\/senstar.com\/fr\/wp-json\/wp\/v2\/users\/3"}],"replies":[{"embeddable":true,"href":"https:\/\/senstar.com\/fr\/wp-json\/wp\/v2\/comments?post=10795"}],"version-history":[{"count":0,"href":"https:\/\/senstar.com\/fr\/wp-json\/wp\/v2\/pages\/10795\/revisions"}],"up":[{"embeddable":true,"href":"https:\/\/senstar.com\/fr\/wp-json\/wp\/v2\/pages\/827"}],"wp:attachment":[{"href":"https:\/\/senstar.com\/fr\/wp-json\/wp\/v2\/media?parent=10795"}],"curies":[{"name":"wp","href":"https:\/\/api.w.org\/{rel}","templated":true}]}}