{"id":8765,"date":"2020-03-24T20:17:11","date_gmt":"2020-03-24T20:17:11","guid":{"rendered":"https:\/\/senstar.com\/estudios-de-caso\/brazil-airports\/"},"modified":"2020-03-24T20:17:11","modified_gmt":"2020-03-24T20:17:11","slug":"brazil-airports","status":"publish","type":"page","link":"https:\/\/senstar.com\/es\/estudios-de-caso\/brazil-airports\/","title":{"rendered":"Brazil Airports"},"content":{"rendered":"<h2>Symphony\u2122 Video Management Software (VMS) helps airports keep people, cargo, and flights safe and moving<\/h2>\n<p><img loading=\"lazy\" decoding=\"async\" class=\"alignnone size-medium wp-image-8131\" src=\"https:\/\/senstar.com\/wp-content\/uploads\/Airport_boarding_area-680x383.jpg\" alt=\"Video surveillance footage of a boarding area at an airport\" width=\"680\" height=\"383\" srcset=\"https:\/\/senstar.com\/wp-content\/uploads\/Airport_boarding_area-680x383.jpg 680w, https:\/\/senstar.com\/wp-content\/uploads\/Airport_boarding_area-950x534.jpg 950w, https:\/\/senstar.com\/wp-content\/uploads\/Airport_boarding_area-360x203.jpg 360w, https:\/\/senstar.com\/wp-content\/uploads\/Airport_boarding_area-1500x844.jpg 1500w\" sizes=\"auto, (max-width: 680px) 100vw, 680px\" \/><\/p>\n<p>Senstar recently completed the deployment of its <a href=\"https:\/\/senstar.com\/products\/video-management\/symphony\/\">Symphony video management software (VMS)<\/a> at Natal Airport, located in one of the most important cities in northeast Brazil. The configuration replicates that used at Brasilia Airport in Brazil\u2019s capital, where Symphony has been running for several years. Both airports are managed by Infram\u00e9rica, part of Corporaci\u00f3n Am\u00e9rica, the largest private airport operator in the world.<\/p>\n<p>Symphony supports video surveillance visualization and storage, native analytics, lower usage of hardware, and integration with legacy systems, all packaged in a user-friendly interface. Along with its scalability, customizability and configurability, Symphony helps organizations improve security and operations, and provides business intelligence.<\/p>\n<p>With Natal and Brasilia airports using Symphony and its analytics, Infram\u00e9rica has successfully optimized resources, centralized management and ensured data reliability and availability.<\/p>\n<h3>Security<\/h3>\n<p>Infram\u00e9rica uses Symphony as their only VMS, monitoring in real time, and storing and recovering images simultaneously. Whether using distributed or centralized storage, through Symphony, Infram\u00e9rica provides segmented and audited access to the cameras and system functions to internal teams (including security, IT, and commercial services) and external clients (such as Federal Police, Brazilian Customs, and airports tenants).<\/p>\n<h3>Operations<\/h3>\n<p>Symphony is used in the management of airport operations. Information such as queue size, crowd identification and user counts are made available by the system to the operations team. In addition, information of this kind helps to fulfill legal requirements related to this type of environment.<\/p>\n<h3>Business Intelligence<\/h3>\n<p>Infram\u00e9rica uses Symphony analytics to optimize the commercial management of the airports. With information on passenger movement, heat mappingand face recognition, business teams can work together with tenants to develop strategies and optimize resources.<\/p>\n<h3>X-Ray Inspection &#8211; A customized analytic for airports<\/h3>\n<p>One of the innovations that is being implemented in Infram\u00e9rica\u2019s airports is automated queuing time control in x-ray inspection. Through Symphony\u2019s advanced analytics, configured specifically for this application in airports, it is possible to generate required ANAC (Brazil\u2019s National Civil Aviation Agency) reports automatically, without the need for human intervention.<\/p>\n<h3>Outcomes<\/h3>\n<p>Since the installation of Symphony, the airports have benefitted from increased surveillance efficiency, improved security and operations management, and enhance business intelligence and process automation.<\/p>\n<p>For Alberto Lopez, Infram\u00e9rica\u2019s Information Technology Manager, the deployment of Symphony at the company\u2019s two airports has added technological intelligence to provide video security data, as well as increased surveillance efficiency.<\/p>\n<p>&#8220;Infram\u00e9rica plans to expand its operations in Brazil and would like to continue working with Senstar on technology innovations in security and have it as a partner in future projects.&#8221;<\/p>\n<p>View <a href=\"https:\/\/senstar.com\/wp-content\/uploads\/Symphony_CaseStudy_Brazil_Airports_EN.pdf\">PDF<\/a><\/p>\n","protected":false},"excerpt":{"rendered":"<p>Symphony\u2122 Video Management Software (VMS) helps airports keep people, cargo, and flights safe and moving Senstar recently completed the deployment of its Symphony video management software (VMS) at Natal Airport, located&#8230;<\/p>\n","protected":false},"author":3,"featured_media":0,"parent":8759,"menu_order":10,"comment_status":"closed","ping_status":"closed","template":"","meta":{"content-type":"","footnotes":""},"class_list":["post-8765","page","type-page","status-publish","hentry"],"_links":{"self":[{"href":"https:\/\/senstar.com\/es\/wp-json\/wp\/v2\/pages\/8765","targetHints":{"allow":["GET"]}}],"collection":[{"href":"https:\/\/senstar.com\/es\/wp-json\/wp\/v2\/pages"}],"about":[{"href":"https:\/\/senstar.com\/es\/wp-json\/wp\/v2\/types\/page"}],"author":[{"embeddable":true,"href":"https:\/\/senstar.com\/es\/wp-json\/wp\/v2\/users\/3"}],"replies":[{"embeddable":true,"href":"https:\/\/senstar.com\/es\/wp-json\/wp\/v2\/comments?post=8765"}],"version-history":[{"count":0,"href":"https:\/\/senstar.com\/es\/wp-json\/wp\/v2\/pages\/8765\/revisions"}],"up":[{"embeddable":true,"href":"https:\/\/senstar.com\/es\/wp-json\/wp\/v2\/pages\/8759"}],"wp:attachment":[{"href":"https:\/\/senstar.com\/es\/wp-json\/wp\/v2\/media?parent=8765"}],"curies":[{"name":"wp","href":"https:\/\/api.w.org\/{rel}","templated":true}]}}