{"id":8038,"date":"2020-03-03T15:57:07","date_gmt":"2020-03-03T15:57:07","guid":{"rendered":"https:\/\/senstar.com\/fiberpatrol-fp400-how-to-videos\/"},"modified":"2021-06-28T15:06:29","modified_gmt":"2021-06-28T19:06:29","slug":"fiberpatrol-fp400-videos-instructivos","status":"publish","type":"page","link":"https:\/\/senstar.com\/es\/recursos-del-producto\/fiberpatrol-fp400-videos-instructivos\/","title":{"rendered":"FiberPatrol FP400 Videos instructivos"},"content":{"rendered":"<h2>Los siguientes videos instructivos explican c\u00f3mo instalar, configurar y calibrar el sensor de detecci\u00f3n de intrusos montado en la cerca de fibra \u00f3ptica <a href=\"\/es\/productos\/sensores-de-cerca\/fiberpatrol-fp400\/\">FiberPatrol FP400<\/a>.<\/h2>\n<div class=\"cols\" data-gap=\"normal\" data-col-desktop=\"2\" data-col-tablet=\"2\" data-col-mobile=\"1\"><div class=\"col\">\n<h3>System Overview<\/h3>\n<p><iframe loading=\"lazy\" src=\"https:\/\/www.youtube.com\/embed\/FNOeQ8kT0hk\" width=\"358\" height=\"202\" frameborder=\"0\" allowfullscreen=\"allowfullscreen\" title=\"System Overview Video\"><\/iframe><\/p>\n<\/div><!-- \/.col --><div class=\"col\">\n<h3>Installation Overview<\/h3>\n<p><iframe loading=\"lazy\" src=\"https:\/\/www.youtube.com\/embed\/tMThdRpMz7U\" width=\"358\" height=\"202\" frameborder=\"0\" allowfullscreen=\"allowfullscreen\" title=\"Installation Overview Video\"><\/iframe><\/p>\n<\/div><!-- \/.col --><div class=\"col\">\n<h3>Configuration Overview<\/h3>\n<p><iframe loading=\"lazy\" src=\"https:\/\/www.youtube.com\/embed\/IHyPhu5q6SE\" width=\"358\" height=\"202\" frameborder=\"0\" allowfullscreen=\"allowfullscreen\" title=\"Configuration Overview Video\"><\/iframe><\/p>\n<\/div><!-- \/.col --><div class=\"col\">\n<h3>Midspan Fiber Access<\/h3>\n<p><iframe loading=\"lazy\" src=\"https:\/\/www.youtube.com\/embed\/JQ4yKAoniRg\" width=\"358\" height=\"202\" frameborder=\"0\" allowfullscreen=\"allowfullscreen\" title=\"Midspan Fiber Access Video\"><\/iframe><\/p>\n<\/div><!-- \/.col --><\/div><!-- \/.cols -->\n","protected":false},"excerpt":{"rendered":"<p>Los siguientes videos instructivos explican c\u00f3mo instalar, configurar y calibrar el sensor de detecci\u00f3n de intrusos montado en la cerca de fibra \u00f3ptica FiberPatrol FP400.<\/p>\n","protected":false},"author":3,"featured_media":0,"parent":3732,"menu_order":14,"comment_status":"closed","ping_status":"closed","template":"","meta":{"content-type":"","footnotes":""},"class_list":["post-8038","page","type-page","status-publish","hentry"],"_links":{"self":[{"href":"https:\/\/senstar.com\/es\/wp-json\/wp\/v2\/pages\/8038","targetHints":{"allow":["GET"]}}],"collection":[{"href":"https:\/\/senstar.com\/es\/wp-json\/wp\/v2\/pages"}],"about":[{"href":"https:\/\/senstar.com\/es\/wp-json\/wp\/v2\/types\/page"}],"author":[{"embeddable":true,"href":"https:\/\/senstar.com\/es\/wp-json\/wp\/v2\/users\/3"}],"replies":[{"embeddable":true,"href":"https:\/\/senstar.com\/es\/wp-json\/wp\/v2\/comments?post=8038"}],"version-history":[{"count":0,"href":"https:\/\/senstar.com\/es\/wp-json\/wp\/v2\/pages\/8038\/revisions"}],"up":[{"embeddable":true,"href":"https:\/\/senstar.com\/es\/wp-json\/wp\/v2\/pages\/3732"}],"wp:attachment":[{"href":"https:\/\/senstar.com\/es\/wp-json\/wp\/v2\/media?parent=8038"}],"curies":[{"name":"wp","href":"https:\/\/api.w.org\/{rel}","templated":true}]}}