{"id":6590,"date":"2019-11-16T17:07:49","date_gmt":"2019-11-16T17:07:49","guid":{"rendered":"https:\/\/senstarcorp.wpengine.com\/?page_id=6590"},"modified":"2020-09-14T15:39:39","modified_gmt":"2020-09-14T19:39:39","slug":"symphony-especificaciones","status":"publish","type":"page","link":"https:\/\/senstar.com\/es\/recursos-del-producto\/symphony-especificaciones\/","title":{"rendered":"Senstar Symphony Especificaciones"},"content":{"rendered":"<h1>Clientes Senstar Symphony<\/h1>\n\n<table id=\"tablepress-19\" class=\"tablepress tablepress-id-19 tbody-has-connected-cells\">\n<thead>\n<tr class=\"row-1\">\n\t<td class=\"column-1\"><\/td><th class=\"column-2\">Cliente Windows\u00ae <\/th><th class=\"column-3\">Cliente Web <\/th><th class=\"column-4\">Cliente m\u00f3vil<\/th><th class=\"column-5\">Thin Client<\/th>\n<\/tr>\n<\/thead>\n<tbody class=\"row-striping row-hover\">\n<tr class=\"row-2\">\n\t<td colspan=\"5\" class=\"column-1\"><\/td>\n<\/tr>\n<tr class=\"row-3\">\n\t<td class=\"column-1\">Plataforma\/sistema operativo compatible<\/td><td class=\"column-2\">Windows\u00ae 10<\/td><td class=\"column-3\">Navegador<br \/>\nweb<\/td><td class=\"column-4\">iOS o<br \/>\nAndroid<\/td><td class=\"column-5\">Dispositivo<br \/>\nLinux<\/td>\n<\/tr>\n<tr class=\"row-4\">\n\t<td class=\"column-1\">N\u00famero de conexiones simult\u00e1neas de servidor<\/td><td class=\"column-2\">Ilimitado<\/td><td class=\"column-3\">Ilimitado<\/td><td class=\"column-4\">Ilimitado<\/td><td class=\"column-5\">1<\/td>\n<\/tr>\n<tr class=\"row-5\">\n\t<td class=\"column-1\">Interfaz de usuario personalizable<\/td><td class=\"column-2\">*<\/td><td class=\"column-3\"><\/td><td class=\"column-4\"><\/td><td class=\"column-5\"><\/td>\n<\/tr>\n<tr class=\"row-6\">\n\t<td class=\"column-1\">L\u00ednea temporal gr\u00e1fica<\/td><td class=\"column-2\">*<\/td><td class=\"column-3\">*<\/td><td class=\"column-4\"><\/td><td class=\"column-5\">*<\/td>\n<\/tr>\n<tr class=\"row-7\">\n\t<td class=\"column-1\">Navegaci\u00f3n por mapa jer\u00e1rquico de ubicaciones<\/td><td class=\"column-2\">*<\/td><td class=\"column-3\"><\/td><td class=\"column-4\"><\/td><td class=\"column-5\"><\/td>\n<\/tr>\n<tr class=\"row-8\">\n\t<td class=\"column-1\">Navegaci\u00f3n por lista de c\u00e1maras<\/td><td class=\"column-2\">*<\/td><td class=\"column-3\">*<\/td><td class=\"column-4\">*<\/td><td class=\"column-5\"><\/td>\n<\/tr>\n<tr class=\"row-9\">\n\t<td class=\"column-1\">Enlaces de seguimiento visual (puntos de acceso con superposici\u00f3n de video)<\/td><td class=\"column-2\">*<\/td><td class=\"column-3\"><\/td><td class=\"column-4\"><\/td><td class=\"column-5\"><\/td>\n<\/tr>\n<tr class=\"row-10\">\n\t<td class=\"column-1\">Combine las c\u00e1maras de varios servidores y sitios en un solo dise\u00f1o<\/td><td class=\"column-2\">*<\/td><td class=\"column-3\"><\/td><td class=\"column-4\"><\/td><td class=\"column-5\"><\/td>\n<\/tr>\n<tr class=\"row-11\">\n\t<td class=\"column-1\">Compatibilidad multimonitor (incluido 4K)<\/td><td class=\"column-2\">*<\/td><td class=\"column-3\"><\/td><td class=\"column-4\"><\/td><td class=\"column-5\"><\/td>\n<\/tr>\n<tr class=\"row-12\">\n\t<td class=\"column-1\">Secuencia de c\u00e1mara<\/td><td class=\"column-2\">*<\/td><td class=\"column-3\"><\/td><td class=\"column-4\"><\/td><td class=\"column-5\">*<\/td>\n<\/tr>\n<tr class=\"row-13\">\n\t<td class=\"column-1\">Compatibilidad panor\u00e1mica (360 grados)<\/td><td class=\"column-2\">*<\/td><td class=\"column-3\">*<\/td><td class=\"column-4\">*<\/td><td class=\"column-5\">*<\/td>\n<\/tr>\n<tr class=\"row-14\">\n\t<td class=\"column-1\">Salidas de activaci\u00f3n manual<\/td><td class=\"column-2\">*<\/td><td class=\"column-3\">*<\/td><td class=\"column-4\">*<\/td><td class=\"column-5\"><\/td>\n<\/tr>\n<tr class=\"row-15\">\n\t<td class=\"column-1\">B\u00fasqueda avanzada de anal\u00edtica de video (b\u00fasqueda inteligente)<\/td><td class=\"column-2\">Con<br \/>\ncomplemento<\/td><td class=\"column-3\"><\/td><td class=\"column-4\"><\/td><td class=\"column-5\"><\/td>\n<\/tr>\n<tr class=\"row-16\">\n\t<td class=\"column-1\">Integrierter Messenger<\/td><td class=\"column-2\">*<\/td><td class=\"column-3\"><\/td><td class=\"column-4\"><\/td><td class=\"column-5\"><\/td>\n<\/tr>\n<tr class=\"row-17\">\n\t<td class=\"column-1\">Consola de alarmas<\/td><td class=\"column-2\">*<\/td><td class=\"column-3\"><\/td><td class=\"column-4\"><\/td><td class=\"column-5\"><\/td>\n<\/tr>\n<tr class=\"row-18\">\n\t<td class=\"column-1\">Exportaci\u00f3n de video<\/td><td class=\"column-2\">Multic\u00e1mara<\/td><td class=\"column-3\"><\/td><td class=\"column-4\"><\/td><td class=\"column-5\">*<\/td>\n<\/tr>\n<tr class=\"row-19\">\n\t<td class=\"column-1\">Marcadores de eventos<\/td><td class=\"column-2\">*<\/td><td class=\"column-3\"><\/td><td class=\"column-4\"><\/td><td class=\"column-5\"><\/td>\n<\/tr>\n<tr class=\"row-20\">\n\t<td class=\"column-1\">Registro de alarma<\/td><td class=\"column-2\">*<\/td><td class=\"column-3\">*<\/td><td class=\"column-4\">*<\/td><td class=\"column-5\"><\/td>\n<\/tr>\n<tr class=\"row-21\">\n\t<td class=\"column-1\">M\u00f3dulo de soporte remoto<\/td><td class=\"column-2\">*<\/td><td class=\"column-3\"><\/td><td class=\"column-4\"><\/td><td class=\"column-5\"><\/td>\n<\/tr>\n<tr class=\"row-22\">\n\t<td class=\"column-1\">Varios idiomas<\/td><td class=\"column-2\">*<\/td><td class=\"column-3\">*<\/td><td class=\"column-4\">*<\/td><td class=\"column-5\">*<\/td>\n<\/tr>\n<tr class=\"row-23\">\n\t<td class=\"column-1\">Compatibilidad b\u00e1sica con mapas<\/td><td class=\"column-2\">*<\/td><td class=\"column-3\"><\/td><td class=\"column-4\"><\/td><td class=\"column-5\"><\/td>\n<\/tr>\n<tr class=\"row-24\">\n\t<td class=\"column-1\">Compatibilidad din\u00e1mica con mapas GIS (licencia de servidor Enterprise)<\/td><td class=\"column-2\">*<\/td><td class=\"column-3\"><\/td><td class=\"column-4\"><\/td><td class=\"column-5\"><\/td>\n<\/tr>\n<tr class=\"row-25\">\n\t<td class=\"column-1\">Estado gr\u00e1fico del sensor Senstar con localizaci\u00f3n de la intrusi\u00f3n<\/td><td class=\"column-2\">*<\/td><td class=\"column-3\"><\/td><td class=\"column-4\"><\/td><td class=\"column-5\"><\/td>\n<\/tr>\n<tr class=\"row-26\">\n\t<td colspan=\"5\" class=\"column-1\"><b>Compatibilidad PTZ<\/b><\/td>\n<\/tr>\n<tr class=\"row-27\">\n\t<td class=\"column-1\">Control manual de movimiento<\/td><td class=\"column-2\">*<\/td><td class=\"column-3\">*<\/td><td class=\"column-4\">*<\/td><td class=\"column-5\">*<\/td>\n<\/tr>\n<tr class=\"row-28\">\n\t<td class=\"column-1\">Control mediante clics<\/td><td class=\"column-2\">*<\/td><td class=\"column-3\"><\/td><td class=\"column-4\"><\/td><td class=\"column-5\"><\/td>\n<\/tr>\n<tr class=\"row-29\">\n\t<td class=\"column-1\">Zoom sobre \u00e1rea marcada<\/td><td class=\"column-2\">*<\/td><td class=\"column-3\"><\/td><td class=\"column-4\"><\/td><td class=\"column-5\"><\/td>\n<\/tr>\n<tr class=\"row-30\">\n\t<td class=\"column-1\">Ir a posiciones preconfiguradas<\/td><td class=\"column-2\">*<\/td><td class=\"column-3\">*<\/td><td class=\"column-4\">*<\/td><td class=\"column-5\">*<\/td>\n<\/tr>\n<tr class=\"row-31\">\n\t<td class=\"column-1\">Compatibilidad con joystick<\/td><td class=\"column-2\">*<\/td><td class=\"column-3\"><\/td><td class=\"column-4\"><\/td><td class=\"column-5\">*<\/td>\n<\/tr>\n<tr class=\"row-32\">\n\t<td colspan=\"5\" class=\"column-1\"><b>Matriz Virtual<\/b><\/td>\n<\/tr>\n<tr class=\"row-33\">\n\t<td class=\"column-1\">Disposiciones personalizables para varias c\u00e1maras<\/td><td class=\"column-2\">*<\/td><td class=\"column-3\">*<\/td><td class=\"column-4\"><\/td><td class=\"column-5\">*<\/td>\n<\/tr>\n<tr class=\"row-34\">\n\t<td class=\"column-1\">Opciones configurables de visualizaci\u00f3n (fijas)<\/td><td class=\"column-2\">*<\/td><td class=\"column-3\"><\/td><td class=\"column-4\"><\/td><td class=\"column-5\"><\/td>\n<\/tr>\n<tr class=\"row-35\">\n\t<td class=\"column-1\">Opciones configurables de visualizaci\u00f3n (movimiento \/ alarma)<\/td><td class=\"column-2\">*<\/td><td class=\"column-3\"><\/td><td class=\"column-4\"><\/td><td class=\"column-5\">*<\/td>\n<\/tr>\n<tr class=\"row-36\">\n\t<td colspan=\"5\" class=\"column-1\"><b>Acceso de usuario<\/b><\/td>\n<\/tr>\n<tr class=\"row-37\">\n\t<td class=\"column-1\">Monitoreo de usuario<\/td><td class=\"column-2\">*<\/td><td class=\"column-3\"><\/td><td class=\"column-4\"><\/td><td class=\"column-5\"><\/td>\n<\/tr>\n<tr class=\"row-38\">\n\t<td class=\"column-1\">Permisos por usuario<\/td><td class=\"column-2\">*<\/td><td class=\"column-3\">*<\/td><td class=\"column-4\">*<\/td><td class=\"column-5\">*<\/td>\n<\/tr>\n<tr class=\"row-39\">\n\t<td class=\"column-1\">Permisos por grupo de usuarios<\/td><td class=\"column-2\">*<\/td><td class=\"column-3\">*<\/td><td class=\"column-4\">*<\/td><td class=\"column-5\">*<\/td>\n<\/tr>\n<tr class=\"row-40\">\n\t<td class=\"column-1\">Perfiles de seguridad<\/td><td class=\"column-2\">*<\/td><td class=\"column-3\"><\/td><td class=\"column-4\"><\/td><td class=\"column-5\"><\/td>\n<\/tr>\n<tr class=\"row-41\">\n\t<td class=\"column-1\">Microsoft Active Directory<\/td><td class=\"column-2\">*<\/td><td class=\"column-3\">*<\/td><td class=\"column-4\">*<\/td><td class=\"column-5\"><\/td>\n<\/tr>\n<tr class=\"row-42\">\n\t<td class=\"column-1\">Autenticaci\u00f3n interdominio (licencia de servidor Enterprise)<\/td><td class=\"column-2\">*<\/td><td class=\"column-3\">*<\/td><td class=\"column-4\">*<\/td><td class=\"column-5\"><\/td>\n<\/tr>\n<tr class=\"row-43\">\n\t<td class=\"column-1\">Restricci\u00f3n de inicios de sesi\u00f3n simult\u00e1neos (licencia de servidor Enterprise)<\/td><td class=\"column-2\">*<\/td><td class=\"column-3\">*<\/td><td class=\"column-4\">*<\/td><td class=\"column-5\"><\/td>\n<\/tr>\n<tr class=\"row-44\">\n\t<td class=\"column-1\">Inicios de sesi\u00f3n de supervisor<\/td><td class=\"column-2\">*<\/td><td class=\"column-3\"><\/td><td class=\"column-4\"><\/td><td class=\"column-5\"><\/td>\n<\/tr>\n<tr class=\"row-45\">\n\t<td colspan=\"5\" class=\"column-1\"><b>Reportes<\/b><\/td>\n<\/tr>\n<tr class=\"row-46\">\n\t<td class=\"column-1\">Reporte de inicio de sesi\u00f3n<\/td><td class=\"column-2\">*<\/td><td class=\"column-3\"><\/td><td class=\"column-4\"><\/td><td class=\"column-5\"><\/td>\n<\/tr>\n<tr class=\"row-47\">\n\t<td class=\"column-1\">Recuento de alarmas y estad\u00edsticas<\/td><td class=\"column-2\">*<\/td><td class=\"column-3\"><\/td><td class=\"column-4\"><\/td><td class=\"column-5\"><\/td>\n<\/tr>\n<tr class=\"row-48\">\n\t<td class=\"column-1\">Informe de recuento de objetos (por ej., personas, veh\u00edculos)<\/td><td class=\"column-2\">Con<br \/>\ncomplemento<\/td><td class=\"column-3\"><\/td><td class=\"column-4\"><\/td><td class=\"column-5\"><\/td>\n<\/tr>\n<tr class=\"row-49\">\n\t<td class=\"column-1\">Informe del mapa de calor<\/td><td class=\"column-2\">Con<br \/>\ncomplemento<\/td><td class=\"column-3\"><\/td><td class=\"column-4\"><\/td><td class=\"column-5\"><\/td>\n<\/tr>\n<tr class=\"row-50\">\n\t<td class=\"column-1\">Informe ALPR<\/td><td class=\"column-2\">Con<br \/>\ncomplemento<\/td><td class=\"column-3\"><\/td><td class=\"column-4\"><\/td><td class=\"column-5\"><\/td>\n<\/tr>\n<\/tbody>\n<\/table>\n<!-- #tablepress-19 from cache -->\n<h1>Server Senstar Symphony<\/h1>\n\n<table id=\"tablepress-20\" class=\"tablepress tablepress-id-20 tbody-has-connected-cells\">\n<thead>\n<tr class=\"row-1\">\n\t<td class=\"column-1\"><\/td><th class=\"column-2\">Licencia Standard <br \/>\n(un servidor)<\/th><th class=\"column-3\">Licencia Enterprise<br \/>\n(alta disponibilidad)<\/th>\n<\/tr>\n<\/thead>\n<tbody class=\"row-striping row-hover\">\n<tr class=\"row-2\">\n\t<td colspan=\"3\" class=\"column-1\"><\/td>\n<\/tr>\n<tr class=\"row-3\">\n\t<td class=\"column-1\">Sistemas operativos compatibles<\/td><td colspan=\"2\" class=\"column-2\">Windows\u00ae 10, Server 2012, 2016, 2019<\/td>\n<\/tr>\n<tr class=\"row-4\">\n\t<td class=\"column-1\">N\u00famero de c\u00e1maras por servidor<\/td><td class=\"column-2\">1024<\/td><td class=\"column-3\">1024<\/td>\n<\/tr>\n<tr class=\"row-5\">\n\t<td class=\"column-1\">N\u00famero de conexiones simult\u00e1neas de cliente<\/td><td class=\"column-2\">Ilimitado<\/td><td class=\"column-3\">Ilimitado<\/td>\n<\/tr>\n<tr class=\"row-6\">\n\t<td class=\"column-1\">Multiservidor (granja de servidores) <\/td><td class=\"column-2\"><\/td><td class=\"column-3\">Ilimitado<\/td>\n<\/tr>\n<tr class=\"row-7\">\n\t<td class=\"column-1\">Cliente web compatible con HTML5<\/td><td class=\"column-2\">*<\/td><td class=\"column-3\">*<\/td>\n<\/tr>\n<tr class=\"row-8\">\n\t<td class=\"column-1\">Aplicaci\u00f3n m\u00f3vil (iOS, Android)<\/td><td class=\"column-2\">*<\/td><td class=\"column-3\">*<\/td>\n<\/tr>\n<tr class=\"row-9\">\n\t<td class=\"column-1\">Virtualizaci\u00f3n de servidor<\/td><td class=\"column-2\">*<\/td><td class=\"column-3\">*<\/td>\n<\/tr>\n<tr class=\"row-10\">\n\t<td class=\"column-1\">Audio bidireccional<\/td><td class=\"column-2\">*<\/td><td class=\"column-3\">*<\/td>\n<\/tr>\n<tr class=\"row-11\">\n\t<td class=\"column-1\">Compatibilidad con unidifusi\u00f3n, multidifusi\u00f3n y multisecuencia<\/td><td class=\"column-2\">*<\/td><td class=\"column-3\">*<\/td>\n<\/tr>\n<tr class=\"row-12\">\n\t<td class=\"column-1\">Compatibilidad con video en red<br \/>\n(MJPEG\/MPEG-4\/h.264\/h.265)<\/td><td class=\"column-2\">*<\/td><td class=\"column-3\">*<\/td>\n<\/tr>\n<tr class=\"row-13\">\n\t<td class=\"column-1\">Paquetes de dispositivos<\/td><td class=\"column-2\">*<\/td><td class=\"column-3\">*<\/td>\n<\/tr>\n<tr class=\"row-14\">\n\t<td class=\"column-1\">Varios idiomas<\/td><td class=\"column-2\">*<\/td><td class=\"column-3\">*<\/td>\n<\/tr>\n<tr class=\"row-15\">\n\t<td class=\"column-1\">Niveles personalizables de acceso de<br \/>\nusuario<\/td><td class=\"column-2\">*<\/td><td class=\"column-3\">*<\/td>\n<\/tr>\n<tr class=\"row-16\">\n\t<td class=\"column-1\">Controles de privacidad y codificaci\u00f3n de<br \/>\nvideo<\/td><td class=\"column-2\">*<\/td><td class=\"column-3\">*<\/td>\n<\/tr>\n<tr class=\"row-17\">\n\t<td class=\"column-1\">Acceso basado en tiempo al video grabado<\/td><td class=\"column-2\">*<\/td><td class=\"column-3\">*<\/td>\n<\/tr>\n<tr class=\"row-18\">\n\t<td class=\"column-1\">Recuperaci\u00f3n autom\u00e1tica de errores de<br \/>\nservidor<\/td><td class=\"column-2\"><\/td><td class=\"column-3\">*<\/td>\n<\/tr>\n<tr class=\"row-19\">\n\t<td class=\"column-1\">Muro de video<\/td><td class=\"column-2\"><\/td><td class=\"column-3\">*<\/td>\n<\/tr>\n<tr class=\"row-20\">\n\t<td colspan=\"3\" class=\"column-1\"><b>Almacenamiento y archivado<\/b><\/td>\n<\/tr>\n<tr class=\"row-21\">\n\t<td class=\"column-1\">Grabaci\u00f3n local o en almacenamiento de red\/borde<\/td><td class=\"column-2\">*<\/td><td class=\"column-3\">*<\/td>\n<\/tr>\n<tr class=\"row-22\">\n\t<td class=\"column-1\">Grabaci\u00f3n por movimiento (desde la c\u00e1mara), programaci\u00f3n, alarma y continua<\/td><td class=\"column-2\">*<\/td><td class=\"column-3\">*<\/td>\n<\/tr>\n<tr class=\"row-23\">\n\t<td class=\"column-1\">Grabaci\u00f3n redundante<\/td><td class=\"column-2\"><\/td><td class=\"column-3\">*<\/td>\n<\/tr>\n<tr class=\"row-24\">\n\t<td class=\"column-1\">Grabaci\u00f3n de recuperaci\u00f3n de errores<\/td><td class=\"column-2\"><\/td><td class=\"column-3\">*<\/td>\n<\/tr>\n<tr class=\"row-25\">\n\t<td colspan=\"3\" class=\"column-1\"><b>Gesti\u00f3n<\/b><\/td>\n<\/tr>\n<tr class=\"row-26\">\n\t<td class=\"column-1\">Detecci\u00f3n autom\u00e1tica de sensores<\/td><td class=\"column-2\">*<\/td><td class=\"column-3\">*<\/td>\n<\/tr>\n<tr class=\"row-27\">\n\t<td class=\"column-1\">Administraci\u00f3n centralizada de dispositivos<\/td><td class=\"column-2\">*<\/td><td class=\"column-3\">*<\/td>\n<\/tr>\n<tr class=\"row-28\">\n\t<td class=\"column-1\">Copias de seguridad autom\u00e1ticas de<br \/>\nconfiguraci\u00f3n<\/td><td class=\"column-2\">*<\/td><td class=\"column-3\">*<\/td>\n<\/tr>\n<tr class=\"row-29\">\n\t<td class=\"column-1\">Cambios de configuraci\u00f3n sin interrupciones<\/td><td class=\"column-2\">*<\/td><td class=\"column-3\">*<\/td>\n<\/tr>\n<tr class=\"row-30\">\n\t<td class=\"column-1\">Diagn\u00f3stico remoto<\/td><td class=\"column-2\">*<\/td><td class=\"column-3\">*<\/td>\n<\/tr>\n<tr class=\"row-31\">\n\t<td class=\"column-1\">Control de estado SNMP<\/td><td class=\"column-2\">*<\/td><td class=\"column-3\">*<\/td>\n<\/tr>\n<tr class=\"row-32\">\n\t<td class=\"column-1\">Protecci\u00f3n contra sobrecarga de CPU<\/td><td class=\"column-2\"><\/td><td class=\"column-3\"><\/td>\n<\/tr>\n<tr class=\"row-33\">\n\t<td class=\"column-1\">Gesti\u00f3n en nube<\/td><td colspan=\"2\" class=\"column-2\">Requiere Senstar Enterprise Manager<\/td>\n<\/tr>\n<tr class=\"row-34\">\n\t<td colspan=\"3\" class=\"column-1\"><b>Integraci\u00f3n<\/b><\/td>\n<\/tr>\n<tr class=\"row-35\">\n\t<td class=\"column-1\">Dispositivos I\/O externos<\/td><td class=\"column-2\">*<\/td><td class=\"column-3\">*<\/td>\n<\/tr>\n<tr class=\"row-36\">\n\t<td class=\"column-1\">Eventos gen\u00e9ricos a trav\u00e9s de TCP\/IP<\/td><td class=\"column-2\">*<\/td><td class=\"column-3\">*<\/td>\n<\/tr>\n<tr class=\"row-37\">\n\t<td class=\"column-1\">Panel de alarmas<\/td><td class=\"column-2\">*<\/td><td class=\"column-3\">*<\/td>\n<\/tr>\n<tr class=\"row-38\">\n\t<td class=\"column-1\">Control de acceso<\/td><td class=\"column-2\">Symphony AC solamente<\/td><td class=\"column-3\">*<\/td>\n<\/tr>\n<tr class=\"row-39\">\n\t<td class=\"column-1\">API\/SDK de servidor<\/td><td class=\"column-2\"><\/td><td class=\"column-3\">*<\/td>\n<\/tr>\n<tr class=\"row-40\">\n\t<td class=\"column-1\">Soporte de acceso a datos OPC<\/td><td class=\"column-2\"><\/td><td class=\"column-3\">*<\/td>\n<\/tr>\n<tr class=\"row-41\">\n\t<td colspan=\"3\" class=\"column-1\"><b>Alertas y notificaciones<\/b><\/td>\n<\/tr>\n<tr class=\"row-42\">\n\t<td class=\"column-1\">Dispositivos m\u00f3viles (iOS y Android)<\/td><td class=\"column-2\">*<\/td><td class=\"column-3\">*<\/td>\n<\/tr>\n<tr class=\"row-43\">\n\t<td class=\"column-1\">Dispositivos I\/O<\/td><td class=\"column-2\">*<\/td><td class=\"column-3\">*<\/td>\n<\/tr>\n<tr class=\"row-44\">\n\t<td class=\"column-1\">Notificaci\u00f3n por correo electr\u00f3nico, FTP, TCP,<br \/>\nSNMP, OPC<\/td><td class=\"column-2\">*<\/td><td class=\"column-3\">*<\/td>\n<\/tr>\n<tr class=\"row-45\">\n\t<td colspan=\"3\" class=\"column-1\"><b>Controles de privacidad<\/b><\/td>\n<\/tr>\n<tr class=\"row-46\">\n\t<td class=\"column-1\">Permisos de usuario y perfiles de seguridad detallados<\/td><td class=\"column-2\">*<\/td><td class=\"column-3\">*<\/td>\n<\/tr>\n<tr class=\"row-47\">\n\t<td class=\"column-1\">Reglas para dos personas<\/td><td class=\"column-2\">*<\/td><td class=\"column-3\">*<\/td>\n<\/tr>\n<tr class=\"row-48\">\n\t<td class=\"column-1\">Acceso al video basado en el tiempo<\/td><td class=\"column-2\">*<\/td><td class=\"column-3\">*<\/td>\n<\/tr>\n<tr class=\"row-49\">\n\t<td class=\"column-1\">Permisos de acceso a dispositivos y PTZ<\/td><td class=\"column-2\">*<\/td><td class=\"column-3\">*<\/td>\n<\/tr>\n<tr class=\"row-50\">\n\t<td class=\"column-1\">M\u00e1scaras de privacidad din\u00e1micas y est\u00e1ticas<\/td><td class=\"column-2\">*<\/td><td class=\"column-3\">*<\/td>\n<\/tr>\n<tr class=\"row-51\">\n\t<td class=\"column-1\">Crea m\u00e1scaras durante la exportaci\u00f3n de video<\/td><td class=\"column-2\">*<\/td><td class=\"column-3\">*<\/td>\n<\/tr>\n<\/tbody>\n<\/table>\n<!-- #tablepress-20 from cache -->\n","protected":false},"excerpt":{"rendered":"<p>Clientes Senstar Symphony Server Senstar Symphony<\/p>\n","protected":false},"author":3,"featured_media":0,"parent":3732,"menu_order":24,"comment_status":"closed","ping_status":"closed","template":"","meta":{"content-type":"","footnotes":""},"class_list":["post-6590","page","type-page","status-publish","hentry"],"_links":{"self":[{"href":"https:\/\/senstar.com\/es\/wp-json\/wp\/v2\/pages\/6590","targetHints":{"allow":["GET"]}}],"collection":[{"href":"https:\/\/senstar.com\/es\/wp-json\/wp\/v2\/pages"}],"about":[{"href":"https:\/\/senstar.com\/es\/wp-json\/wp\/v2\/types\/page"}],"author":[{"embeddable":true,"href":"https:\/\/senstar.com\/es\/wp-json\/wp\/v2\/users\/3"}],"replies":[{"embeddable":true,"href":"https:\/\/senstar.com\/es\/wp-json\/wp\/v2\/comments?post=6590"}],"version-history":[{"count":0,"href":"https:\/\/senstar.com\/es\/wp-json\/wp\/v2\/pages\/6590\/revisions"}],"up":[{"embeddable":true,"href":"https:\/\/senstar.com\/es\/wp-json\/wp\/v2\/pages\/3732"}],"wp:attachment":[{"href":"https:\/\/senstar.com\/es\/wp-json\/wp\/v2\/media?parent=6590"}],"curies":[{"name":"wp","href":"https:\/\/api.w.org\/{rel}","templated":true}]}}