{"id":6583,"date":"2019-11-15T22:12:17","date_gmt":"2019-11-15T22:12:17","guid":{"rendered":"https:\/\/senstarcorp.wpengine.com\/?page_id=6583"},"modified":"2021-06-28T15:22:42","modified_gmt":"2021-06-28T19:22:42","slug":"thin-client-videos-instructivos","status":"publish","type":"page","link":"https:\/\/senstar.com\/es\/recursos-del-producto\/thin-client-videos-instructivos\/","title":{"rendered":"Thin Client Videos instructivos"},"content":{"rendered":"<h2>Los siguientes videos instructivos explican c\u00f3mo instalar, configurar y operar <a href=\"\/es\/productos\/gestion-de-video\/thin-client\/\">Senstar Thin Client<\/a>, un dispositivo de visualizaci\u00f3n de video en red rentable y f\u00e1cil de usar.<\/h2>\n<div class=\"cols\" data-gap=\"normal\" data-col-desktop=\"2\" data-col-tablet=\"2\" data-col-mobile=\"1\"><div class=\"col\">\n<h3>Connecting to Network Cameras<\/h3>\n<p><iframe loading=\"lazy\" src=\"https:\/\/www.youtube.com\/embed\/Hsyis34WAsc\" width=\"358\" height=\"202\" frameborder=\"0\" allowfullscreen=\"allowfullscreen\" title=\"Connecting to Network Cameras Video\"><\/iframe><\/p>\n<\/div><!-- \/.col --><div class=\"col\">\n<h3>Connecting to Symphony VMS<\/h3>\n<p><iframe loading=\"lazy\" src=\"https:\/\/www.youtube.com\/embed\/i2g_uwvqNrE\" width=\"358\" height=\"202\" frameborder=\"0\" allowfullscreen=\"allowfullscreen\" title=\"Connecting to Symphony CMS Video\"><\/iframe><\/p>\n<\/div><!-- \/.col --><\/div><!-- \/.cols --><div class=\"cols\" data-gap=\"normal\" data-col-desktop=\"2\" data-col-tablet=\"2\" data-col-mobile=\"1\"><div class=\"col\">\n<h3>Controlling from Symphony VMS<\/h3>\n<p><iframe loading=\"lazy\" src=\"https:\/\/www.youtube.com\/embed\/yCnDERqBboA\" width=\"358\" height=\"202\" frameborder=\"0\" allowfullscreen=\"allowfullscreen\" title=\"Controlling from Symphony VMS Video\"><\/iframe><\/p>\n<\/div><!-- \/.col --><div class=\"col\">\n<h3>Performing a Factory Reset<\/h3>\n<p><iframe loading=\"lazy\" src=\"https:\/\/www.youtube.com\/embed\/DK04x-_1MLs\" width=\"358\" height=\"202\" frameborder=\"0\" allowfullscreen=\"allowfullscreen\" title=\"Performing a Factory Reset Video\"><\/iframe><\/p>\n<\/div><!-- \/.col --><\/div><!-- \/.cols --><div class=\"cols\" data-gap=\"normal\" data-col-desktop=\"2\" data-col-tablet=\"2\" data-col-mobile=\"1\"><div class=\"col\">\n<h3>Playing Video Files<\/h3>\n<p><iframe loading=\"lazy\" src=\"https:\/\/www.youtube.com\/embed\/4Azeosm0KnY\" width=\"358\" height=\"202\" frameborder=\"0\" allowfullscreen=\"allowfullscreen\" title=\"Playing Video Files Video\"><\/iframe><\/p>\n<\/div><!-- \/.col --><\/div><!-- \/.cols -->\n","protected":false},"excerpt":{"rendered":"<p>Los siguientes videos instructivos explican c\u00f3mo instalar, configurar y operar Senstar Thin Client, un dispositivo de visualizaci\u00f3n de video en red rentable y f\u00e1cil de usar.<\/p>\n","protected":false},"author":3,"featured_media":0,"parent":3732,"menu_order":22,"comment_status":"closed","ping_status":"closed","template":"","meta":{"content-type":"","footnotes":""},"class_list":["post-6583","page","type-page","status-publish","hentry"],"_links":{"self":[{"href":"https:\/\/senstar.com\/es\/wp-json\/wp\/v2\/pages\/6583","targetHints":{"allow":["GET"]}}],"collection":[{"href":"https:\/\/senstar.com\/es\/wp-json\/wp\/v2\/pages"}],"about":[{"href":"https:\/\/senstar.com\/es\/wp-json\/wp\/v2\/types\/page"}],"author":[{"embeddable":true,"href":"https:\/\/senstar.com\/es\/wp-json\/wp\/v2\/users\/3"}],"replies":[{"embeddable":true,"href":"https:\/\/senstar.com\/es\/wp-json\/wp\/v2\/comments?post=6583"}],"version-history":[{"count":0,"href":"https:\/\/senstar.com\/es\/wp-json\/wp\/v2\/pages\/6583\/revisions"}],"up":[{"embeddable":true,"href":"https:\/\/senstar.com\/es\/wp-json\/wp\/v2\/pages\/3732"}],"wp:attachment":[{"href":"https:\/\/senstar.com\/es\/wp-json\/wp\/v2\/media?parent=6583"}],"curies":[{"name":"wp","href":"https:\/\/api.w.org\/{rel}","templated":true}]}}