{"id":2975,"date":"2019-11-02T16:17:17","date_gmt":"2019-11-02T16:17:17","guid":{"rendered":"https:\/\/senstarcorp.wpengine.com\/?page_id=2975"},"modified":"2024-12-03T08:57:23","modified_gmt":"2024-12-03T12:57:23","slug":"haz-carrera","status":"publish","type":"page","link":"https:\/\/senstar.com\/es\/haz-carrera\/","title":{"rendered":"Haz Carrera"},"content":{"rendered":"<h1>Preparado para una nueva y desafiante oportunidad?<\/h1>\n<p>Senstar es un l\u00edder tecnol\u00f3gico mundial en sistemas avanzados de detecci\u00f3n y gesti\u00f3n de la informaci\u00f3n para la protecci\u00f3n de infraestructuras e instalaciones cr\u00edticas. Nuestro \u00e9xito es atribuible a nuestro variado equipo de empleados con talento, creatividad y dedicaci\u00f3n.<\/p>\n<p>Para continuar con nuestro \u00e9xito, buscamos a las personas adecuadas: personas innovadoras, capacitadas y motivadas.<\/p>\n<p><a class=\"button\" href=\"#current-openings\">Ver Las Vacantes Actuales <\/a><\/p>\n","protected":false},"excerpt":{"rendered":"<p>Preparado para una nueva y desafiante oportunidad? Senstar es un l\u00edder tecnol\u00f3gico mundial en sistemas avanzados de detecci\u00f3n y gesti\u00f3n de la informaci\u00f3n para la protecci\u00f3n de infraestructuras e instalaciones cr\u00edticas&#8230;.<\/p>\n","protected":false},"author":1,"featured_media":0,"parent":0,"menu_order":18,"comment_status":"closed","ping_status":"closed","template":"templates\/careers.php","meta":{"content-type":"","footnotes":""},"class_list":["post-2975","page","type-page","status-publish","hentry"],"_links":{"self":[{"href":"https:\/\/senstar.com\/es\/wp-json\/wp\/v2\/pages\/2975","targetHints":{"allow":["GET"]}}],"collection":[{"href":"https:\/\/senstar.com\/es\/wp-json\/wp\/v2\/pages"}],"about":[{"href":"https:\/\/senstar.com\/es\/wp-json\/wp\/v2\/types\/page"}],"author":[{"embeddable":true,"href":"https:\/\/senstar.com\/es\/wp-json\/wp\/v2\/users\/1"}],"replies":[{"embeddable":true,"href":"https:\/\/senstar.com\/es\/wp-json\/wp\/v2\/comments?post=2975"}],"version-history":[{"count":0,"href":"https:\/\/senstar.com\/es\/wp-json\/wp\/v2\/pages\/2975\/revisions"}],"wp:attachment":[{"href":"https:\/\/senstar.com\/es\/wp-json\/wp\/v2\/media?parent=2975"}],"curies":[{"name":"wp","href":"https:\/\/api.w.org\/{rel}","templated":true}]}}