{"id":2969,"date":"2019-11-01T23:24:04","date_gmt":"2019-11-01T23:24:04","guid":{"rendered":"https:\/\/senstarcorp.wpengine.com\/?page_id=2969"},"modified":"2019-11-08T14:56:01","modified_gmt":"2019-11-08T14:56:01","slug":"responsabilidad-social","status":"publish","type":"page","link":"https:\/\/senstar.com\/es\/acerca-de-nosotros\/responsabilidad-social\/","title":{"rendered":"Responsabilidad Social"},"content":{"rendered":"<h1>Nuestra responsabilidad social<\/h1>\n<p>Para Senstar, la responsabilidad de ofrecer un servicio eficiente a los clientes es compatible con el respeto que debemos a la conservaci\u00f3n de recursos para las futuras generaciones. En nuestra operaciones y en todas las fases de nuestra cadena de suministro cumplimos con las normativas necesarias y hacemos el m\u00e1ximo esfuerzo para superarlas. La sustentabilidad medioambiental es un aspecto fundamental en todas nuestras instalaciones, forma parte de todos nuestros procesos y est\u00e1 en la base del desarrollo de nuestros productos.<\/p>\n<p>Senstar tiene el compromiso de:<\/p>\n<ul>\n<li>Dise\u00f1ar productos que sean respetuosos con el medio ambiente. Por ejemplo, Senstar LM100 ha recibido un sello de reconocimiento de la <a href=\"https:\/\/www.darksky.org\/\" target=\"_blank\" rel=\"noopener noreferrer\">International Dark Skies Association<\/a> debido a que reduce la contaminaci\u00f3n lum\u00ednica.<\/li>\n<li>Usar en nuestros productos componentes y especificaciones de dise\u00f1o que tengan un impacto m\u00ednimo en el medio ambiente.<\/li>\n<li>Trabajar con socios de la cadena de suministro que puedan proporcionar componentes sostenibles.<\/li>\n<li>Utilizar tecnolog\u00edas de control de procesos en nuestras instalaciones de fabricaci\u00f3n para optimizar la producci\u00f3n y reducir los residuos.<\/li>\n<li>Adoptar pr\u00e1cticas como el reciclaje y reducir el consumo de agua y energ\u00eda.<\/li>\n<\/ul>\n<h2>Participaci\u00f3n en la comunidad<\/h2>\n<p>Senstar se enorgullece de apoyar causas y organizaciones que marcan una diferencia en las vidas de las comunidades locales, tanto en Canad\u00e1 como en el resto del mundo.<\/p>\n<h3>En los \u00faltimos a\u00f1os, hemos aportado nuestro trabajo voluntario a:<\/h3>\n<ul>\n<li>Desarrollar una estrategia tecnol\u00f3gica para Parents for Community Living a trav\u00e9s de Capacity Canada\u2014Waterloo, Ontario<\/li>\n<li>Revitalizar los terrenos\u202fdel Centro Comunitario de Dunrobin\u202fda\u00f1ados por un tornado<\/li>\n<li>Plantar 2000 \u00e1rboles en las riberas del r\u00edo Carp<\/li>\n<li>Revitalizar las instalaciones recreativas de los terrenos feriales de Carp<\/li>\n<li>Revitalizar las antiguas tribunas de Almonte Fair Grounds en Ontario, Canad\u00e1<\/li>\n<\/ul>\n<h3>En los \u00faltimos a\u00f1os, hemos apoyado a organizaciones como:<\/h3>\n<ul>\n<li>Servicios Canadienses de transfusi\u00f3n de sangre<\/li>\n<li>Banco de alimentos West Carleton<\/li>\n<li>Cruz Roja de Canad\u00e1\u2014Campa\u00f1a de ayuda durante los incendios de Alberta<\/li>\n<li>Cruz Roja de Canad\u00e1\u2014Campa\u00f1a de ayuda a refugiados sirios<\/li>\n<li>Cruz Roja de Canad\u00e1\u2014Campa\u00f1a de ayuda por el terremoto de Nepal<\/li>\n<li>Sociedad Canadiense contra el Alzheimer<\/li>\n<li>Banco de alimentos Kanata<\/li>\n<li>Ottawa Innercity Ministries<\/li>\n<li>Carleton Place y District Memorial Hospital<\/li>\n<\/ul>\n","protected":false},"excerpt":{"rendered":"<p>Nuestra responsabilidad social Para Senstar, la responsabilidad de ofrecer un servicio eficiente a los clientes es compatible con el respeto que debemos a la conservaci\u00f3n de recursos para las futuras generaciones&#8230;.<\/p>\n","protected":false},"author":1,"featured_media":0,"parent":329,"menu_order":3,"comment_status":"closed","ping_status":"closed","template":"","meta":{"content-type":"","footnotes":""},"class_list":["post-2969","page","type-page","status-publish","hentry"],"_links":{"self":[{"href":"https:\/\/senstar.com\/es\/wp-json\/wp\/v2\/pages\/2969","targetHints":{"allow":["GET"]}}],"collection":[{"href":"https:\/\/senstar.com\/es\/wp-json\/wp\/v2\/pages"}],"about":[{"href":"https:\/\/senstar.com\/es\/wp-json\/wp\/v2\/types\/page"}],"author":[{"embeddable":true,"href":"https:\/\/senstar.com\/es\/wp-json\/wp\/v2\/users\/1"}],"replies":[{"embeddable":true,"href":"https:\/\/senstar.com\/es\/wp-json\/wp\/v2\/comments?post=2969"}],"version-history":[{"count":0,"href":"https:\/\/senstar.com\/es\/wp-json\/wp\/v2\/pages\/2969\/revisions"}],"up":[{"embeddable":true,"href":"https:\/\/senstar.com\/es\/wp-json\/wp\/v2\/pages\/329"}],"wp:attachment":[{"href":"https:\/\/senstar.com\/es\/wp-json\/wp\/v2\/media?parent=2969"}],"curies":[{"name":"wp","href":"https:\/\/api.w.org\/{rel}","templated":true}]}}