{"id":6866,"date":"2019-11-26T16:07:39","date_gmt":"2019-11-26T16:07:39","guid":{"rendered":"https:\/\/senstarcorp.wpengine.com\/?page_id=6866"},"modified":"2020-01-15T18:09:22","modified_gmt":"2020-01-15T18:09:22","slug":"sem-spezifikationen","status":"publish","type":"page","link":"https:\/\/senstar.com\/de\/produktressourcen\/sem-spezifikationen\/","title":{"rendered":"SEM Spezifikationen"},"content":{"rendered":"\n<table id=\"tablepress-30\" class=\"tablepress tablepress-id-30 tbody-has-connected-cells\">\n<thead>\n<tr class=\"row-1\">\n\t<td class=\"column-1\"><\/td><td class=\"column-2\"><\/td>\n<\/tr>\n<\/thead>\n<tbody class=\"row-striping row-hover\">\n<tr class=\"row-2\">\n\t<td colspan=\"2\" class=\"column-1\">Unterst\u00fctzte Produkte<\/td>\n<\/tr>\n<tr class=\"row-3\">\n\t<td class=\"column-1\">Senstar Symphony Software<\/td><td class=\"column-2\">6.14+<\/td>\n<\/tr>\n<tr class=\"row-4\">\n\t<td class=\"column-1\">Senstar Symphony Lizenzen<br \/>\n<\/td><td class=\"column-2\">Standard, Professional, Enterprise<\/td>\n<\/tr>\n<tr class=\"row-5\">\n\t<td class=\"column-1\">Senstar R-Series NVRs<\/td><td class=\"column-2\">7.0.4+<\/td>\n<\/tr>\n<tr class=\"row-6\">\n\t<td class=\"column-1\">Senstar E-Series PSAs<\/td><td class=\"column-2\">6.14+<\/td>\n<\/tr>\n<tr class=\"row-7\">\n\t<td class=\"column-1\">Senstar Thin Client<\/td><td class=\"column-2\">2.8+<\/td>\n<\/tr>\n<tr class=\"row-8\">\n\t<td class=\"column-1\">Symphony Kamera Management<\/td><td class=\"column-2\">30+ Hersteller<\/td>\n<\/tr>\n<tr class=\"row-9\">\n\t<td colspan=\"2\" class=\"column-1\">System Health Dashboard<\/td>\n<\/tr>\n<tr class=\"row-10\">\n\t<td class=\"column-1\">Server &amp; Ger\u00e4te Monitoring<\/td><td class=\"column-2\">Kontinuierlich, \u00fcber Aktualisierungen von Zustandspaketen<\/td>\n<\/tr>\n<tr class=\"row-11\">\n\t<td class=\"column-1\">Systemparameter<\/td><td class=\"column-2\">Server- &amp; Ger\u00e4teverf\u00fcgbarkeit, Server CPU, RAM, Speicher, Symphony Software &amp; Device Pack-Versionen, Firmware-Versionen<\/td>\n<\/tr>\n<tr class=\"row-12\">\n\t<td class=\"column-1\">E-Mail Statusberichte<\/td><td class=\"column-2\">st\u00fcndlich, t\u00e4glich, w\u00f6chentlich<\/td>\n<\/tr>\n<tr class=\"row-13\">\n\t<td colspan=\"2\" class=\"column-1\">Management<\/td>\n<\/tr>\n<tr class=\"row-14\">\n\t<td class=\"column-1\">Zentralisierte Verwaltung<\/td><td class=\"column-2\">SSL verschl\u00fcsseltes Browser Interface<\/td>\n<\/tr>\n<tr class=\"row-15\">\n\t<td class=\"column-1\">Administration<\/td><td class=\"column-2\">Rollenbasiert<\/td>\n<\/tr>\n<tr class=\"row-16\">\n\t<td class=\"column-1\">Backup der Systemkonfiguration<\/td><td class=\"column-2\">Automatisch, Cloud-basiert<\/td>\n<\/tr>\n<tr class=\"row-17\">\n\t<td class=\"column-1\">Kontensicherheit<\/td><td class=\"column-2\">Passwortschutz, rollenbasierte Kontosicherheit<\/td>\n<\/tr>\n<tr class=\"row-18\">\n\t<td class=\"column-1\">Cloud-Sicherheit<\/td><td class=\"column-2\">Architektur f\u00fcr ausgehende Verbindungen<br \/>\nCPE (Customer Premises Equipment) wurde eingeleitet<br \/>\nFirewall freundlich<br \/>\nSSL verschl\u00fcsselt (Port 443)<br \/>\nSSL Labs \"A\" Bewertung<\/td>\n<\/tr>\n<tr class=\"row-19\">\n\t<td colspan=\"2\" class=\"column-1\">Software Release Management<br \/>\n<\/td>\n<\/tr>\n<tr class=\"row-20\">\n\t<td class=\"column-1\">Software Inventar<\/td><td class=\"column-2\">Alle installierten Senstar-Software<\/td>\n<\/tr>\n<tr class=\"row-21\">\n\t<td class=\"column-1\">Softwareverteilung<\/td><td class=\"column-2\">Haupt-, Nebenversionen, Device Packs<\/td>\n<\/tr>\n<tr class=\"row-22\">\n\t<td class=\"column-1\">Zeitplanung<\/td><td class=\"column-2\">Sofort oder innerhalb des angegebenen \u00c4nderungsfensters<\/td>\n<\/tr>\n<tr class=\"row-23\">\n\t<td colspan=\"2\" class=\"column-1\">Richtlinienverwaltung<\/td>\n<\/tr>\n<tr class=\"row-24\">\n\t<td class=\"column-1\">Benutzerverwaltung<\/td><td class=\"column-2\">Benutzer &amp; Gruppen, Berechtigungen<\/td>\n<\/tr>\n<tr class=\"row-25\">\n\t<td class=\"column-1\">Systemvorgaben<\/td><td class=\"column-2\">Allgemeine Einstellungen<\/td>\n<\/tr>\n<tr class=\"row-26\">\n\t<td class=\"column-1\">Wartung<\/td><td class=\"column-2\">Software Updates &amp; System-Backups<\/td>\n<\/tr>\n<tr class=\"row-27\">\n\t<td colspan=\"2\" class=\"column-1\">Kameraverwaltung<\/td>\n<\/tr>\n<tr class=\"row-28\">\n\t<td class=\"column-1\">Inventar<\/td><td class=\"column-2\">Auto Discovery &amp; Inventarbericht<\/td>\n<\/tr>\n<tr class=\"row-29\">\n\t<td class=\"column-1\">Passwortverwaltung<\/td><td class=\"column-2\">Automatische Kennwortaktualisierungsrichtlinie<\/td>\n<\/tr>\n<tr class=\"row-30\">\n\t<td class=\"column-1\">Konfigurationsverwaltung<\/td><td class=\"column-2\">Vorlagen f\u00fcr Kamerakonfigurationsrichtlinien<\/td>\n<\/tr>\n<tr class=\"row-31\">\n\t<td class=\"column-1\">Firmware-Verwaltung<\/td><td class=\"column-2\">Zentralisierte Firmware-Updates<\/td>\n<\/tr>\n<tr class=\"row-32\">\n\t<td colspan=\"2\" class=\"column-1\">SEM Bridge<\/td>\n<\/tr>\n<tr class=\"row-33\">\n\t<td class=\"column-1\">SEM Bridge Kameraverwaltung<\/td><td class=\"column-2\">Axis, Bosch, Samsung, Vivotek<\/td>\n<\/tr>\n<tr class=\"row-34\">\n\t<td class=\"column-1\">Betriebssystem<\/td><td class=\"column-2\">Linux<\/td>\n<\/tr>\n<tr class=\"row-35\">\n\t<td class=\"column-1\">USB 2.0 ports<\/td><td class=\"column-2\">2<\/td>\n<\/tr>\n<tr class=\"row-36\">\n\t<td class=\"column-1\">Netzwerk<\/td><td class=\"column-2\">1x Gigabit Ethernet<\/td>\n<\/tr>\n<tr class=\"row-37\">\n\t<td class=\"column-1\">Netzwerkprotokolle<\/td><td class=\"column-2\">TCP, UDP, IP, HTTP, RTSP, ICMP, ARP, DHCP, DNS, ONVIF<\/td>\n<\/tr>\n<tr class=\"row-38\">\n\t<td class=\"column-1\">Betriebstemperatur<\/td><td class=\"column-2\">0 - 45\u00b0C<\/td>\n<\/tr>\n<tr class=\"row-39\">\n\t<td class=\"column-1\">Lagertemperatur<\/td><td class=\"column-2\">-20 - 45\u00b0C<\/td>\n<\/tr>\n<tr class=\"row-40\">\n\t<td class=\"column-1\">Abmessungen (mm)<\/td><td class=\"column-2\">175 (B) x 120 (T) x 35 (H)<\/td>\n<\/tr>\n<tr class=\"row-41\">\n\t<td class=\"column-1\">Gewicht<\/td><td class=\"column-2\">600g<\/td>\n<\/tr>\n<tr class=\"row-42\">\n\t<td class=\"column-1\">Spannungsversorgung<\/td><td class=\"column-2\">Power over Ethernet IEEE 802.3af Class 3, max 8.5W<\/td>\n<\/tr>\n<tr class=\"row-43\">\n\t<td class=\"column-1\">Pr\u00fcfzeichen<\/td><td class=\"column-2\">CE, FCC, RoHs<\/td>\n<\/tr>\n<tr class=\"row-44\">\n\t<td class=\"column-1\">Montageoptionen<\/td><td class=\"column-2\">Wand, Tisch<\/td>\n<\/tr>\n<tr class=\"row-45\">\n\t<td class=\"column-1\">Garantie<\/td><td class=\"column-2\">2 Jahre<\/td>\n<\/tr>\n<tr class=\"row-46\">\n\t<td colspan=\"2\" class=\"column-1\">Bestellinformationen<\/td>\n<\/tr>\n<tr class=\"row-47\">\n\t<td class=\"column-1\"><\/td><td class=\"column-2\">SEM ist als SaaS-Abonnement f\u00fcr eine Laufzeit von ein bis f\u00fcnf Jahren erh\u00e4ltlich<\/td>\n<\/tr>\n<\/tbody>\n<\/table>\n\n","protected":false},"excerpt":{"rendered":"","protected":false},"author":3,"featured_media":0,"parent":3733,"menu_order":26,"comment_status":"closed","ping_status":"closed","template":"","meta":{"content-type":"","footnotes":""},"class_list":["post-6866","page","type-page","status-publish","hentry"],"_links":{"self":[{"href":"https:\/\/senstar.com\/de\/wp-json\/wp\/v2\/pages\/6866","targetHints":{"allow":["GET"]}}],"collection":[{"href":"https:\/\/senstar.com\/de\/wp-json\/wp\/v2\/pages"}],"about":[{"href":"https:\/\/senstar.com\/de\/wp-json\/wp\/v2\/types\/page"}],"author":[{"embeddable":true,"href":"https:\/\/senstar.com\/de\/wp-json\/wp\/v2\/users\/3"}],"replies":[{"embeddable":true,"href":"https:\/\/senstar.com\/de\/wp-json\/wp\/v2\/comments?post=6866"}],"version-history":[{"count":0,"href":"https:\/\/senstar.com\/de\/wp-json\/wp\/v2\/pages\/6866\/revisions"}],"up":[{"embeddable":true,"href":"https:\/\/senstar.com\/de\/wp-json\/wp\/v2\/pages\/3733"}],"wp:attachment":[{"href":"https:\/\/senstar.com\/de\/wp-json\/wp\/v2\/media?parent=6866"}],"curies":[{"name":"wp","href":"https:\/\/api.w.org\/{rel}","templated":true}]}}