{"id":6856,"date":"2019-11-25T19:39:16","date_gmt":"2019-11-25T19:39:16","guid":{"rendered":"https:\/\/senstarcorp.wpengine.com\/?page_id=6856"},"modified":"2023-01-24T08:14:33","modified_gmt":"2023-01-24T12:14:33","slug":"impressum","status":"publish","type":"page","link":"https:\/\/senstar.com\/de\/impressum\/","title":{"rendered":"Impressum"},"content":{"rendered":"<h3>IMPRESSUM<\/h3>\n<h3>Angaben gem\u00e4\u00df \u00a7 5 TMG:<\/h3>\n<p>Senstar GmbH<br \/>\nHoneywellstr. 18<br \/>\n63477 Maintal<br \/>\nGermany<\/p>\n<p>Gesch\u00e4ftsf\u00fchrer:<br \/>\nFabien Haubert, Michael Rumpf<\/p>\n<p>Telefon: +49 6181 5704 &#8211; 100<br \/>\nE-Mail: <a href=\"mailto:senstar-gmbh@senstar.com\">senstar-gmbh@senstar.com<\/a><\/p>\n<h3>Registereintrag:<\/h3>\n<p>Registergericht: Amtsgericht Hanau, HRB 99111<br \/>\nUSt-IdNr.: DE 812176203<\/p>\n<h3>Verantwortlich f\u00fcr den Inhalt nach \u00a7 55 Abs. 2 RStV:<\/h3>\n<p>Michael Rumpf<\/p>\n<h3>Haftungsausschluss:<\/h3>\n<p>Die Senstar GmbH ist nicht verantwortlich f\u00fcr externe Links auf unserer Webpage und \u00fcbernimmt f\u00fcr deren Inhalt ausdr\u00fccklich keine Haftung. Diese Erkl\u00e4rung gilt f\u00fcr alle externen Links auf unserer Webpage.<\/p>\n<p>\u00a9 Senstar GmbH<\/p>\n","protected":false},"excerpt":{"rendered":"<p>IMPRESSUM Angaben gem\u00e4\u00df \u00a7 5 TMG: Senstar GmbH Honeywellstr. 18 63477 Maintal Germany Gesch\u00e4ftsf\u00fchrer: Fabien Haubert, Michael Rumpf Telefon: +49 6181 5704 &#8211; 100 E-Mail: senstar-gmbh@senstar.com Registereintrag: Registergericht: Amtsgericht Hanau, HRB&#8230;<\/p>\n","protected":false},"author":3,"featured_media":0,"parent":0,"menu_order":0,"comment_status":"closed","ping_status":"closed","template":"","meta":{"content-type":"","footnotes":""},"class_list":["post-6856","page","type-page","status-publish","hentry"],"_links":{"self":[{"href":"https:\/\/senstar.com\/de\/wp-json\/wp\/v2\/pages\/6856","targetHints":{"allow":["GET"]}}],"collection":[{"href":"https:\/\/senstar.com\/de\/wp-json\/wp\/v2\/pages"}],"about":[{"href":"https:\/\/senstar.com\/de\/wp-json\/wp\/v2\/types\/page"}],"author":[{"embeddable":true,"href":"https:\/\/senstar.com\/de\/wp-json\/wp\/v2\/users\/3"}],"replies":[{"embeddable":true,"href":"https:\/\/senstar.com\/de\/wp-json\/wp\/v2\/comments?post=6856"}],"version-history":[{"count":0,"href":"https:\/\/senstar.com\/de\/wp-json\/wp\/v2\/pages\/6856\/revisions"}],"wp:attachment":[{"href":"https:\/\/senstar.com\/de\/wp-json\/wp\/v2\/media?parent=6856"}],"curies":[{"name":"wp","href":"https:\/\/api.w.org\/{rel}","templated":true}]}}