{"id":3959,"date":"2019-11-09T22:43:40","date_gmt":"2019-11-09T22:43:40","guid":{"rendered":"https:\/\/senstarcorp.wpengine.com\/?page_id=3959"},"modified":"2020-01-10T20:28:11","modified_gmt":"2020-01-10T20:28:11","slug":"implementierungsmodelle-fuer-sem","status":"publish","type":"page","link":"https:\/\/senstar.com\/de\/produktressourcen\/implementierungsmodelle-fuer-sem\/","title":{"rendered":"Implementierungsmodelle f\u00fcr SEM"},"content":{"rendered":"<h1>Implementierungsmodelle f\u00fcr SEM<\/h1>\n<p>Senstar Enterprise Manager\u2122 (SEM) kann mehrere Implementierungsmodelle unterst\u00fctzen:<\/p>\n<ul>\n<li>Nur Symphony VMS<\/li>\n<li>Symphony VMS + SEM Bridge<\/li>\n<li>Drittanbieter-VMS + SEM Bridge<\/li>\n<\/ul>\n<h3>Implementierungen mit Symphony<\/h3>\n<p>SEM kann mit Symphony allein oder in Verbindung mit der SEM Bridge-Anwendung betrieben werden. SEM bietet eine zentralisierte cloudbasierte Verwaltung f\u00fcr gro\u00dfe und verteilte Symphony VMS-Installationen. Wenn eine SEM Bridge lokal installiert ist, werden Ger\u00e4teinventar, direkte Kamerazustands\u00fcberwachung und automatisierte Kamerafirmware-Verwaltungsfunktionen unterst\u00fctzt.<\/p>\n<h3>Implementierungen ohne Symphony<\/h3>\n<p>Bei Kunden, die ein Drittanbieter-VMS einsetzen, kann SEM \u00fcber die lokale SEM Bridge als cloudbasierte Kamera\u00fcberwachungs- und Managementl\u00f6sung eingesetzt werden. In diesem Szenario sorgt SEM f\u00fcr eine kontinuierliche \u00dcberwachung der Kameraverf\u00fcgbarkeit, ein zentrales cloudbasiertes Kamerazustands-Dashboard, Ausfallberichterstattung, Ger\u00e4teinventarisierung und automatisiertes Kamerafirmware-Management.<\/p>\n<h2>Funktionsvergleich nach Implementierungsmodell<\/h2>\n\n<table id=\"tablepress-26\" class=\"tablepress tablepress-id-26 tbody-has-connected-cells\">\n<thead>\n<tr class=\"row-1\">\n\t<td class=\"column-1\"><\/td><th class=\"column-2\">Nur Symphony VMS<\/th><th class=\"column-3\">Symphony VMS + SEM Bridge  <\/th><th class=\"column-4\">Drittanbieter-VMS + SEM Bridge<\/th>\n<\/tr>\n<\/thead>\n<tbody class=\"row-striping row-hover\">\n<tr class=\"row-2\">\n\t<td colspan=\"4\" class=\"column-1\"><\/td>\n<\/tr>\n<tr class=\"row-3\">\n\t<td class=\"column-1\">Kamera-Inventarbericht<\/td><td class=\"column-2\"><\/td><td class=\"column-3\">*<\/td><td class=\"column-4\">*<\/td>\n<\/tr>\n<tr class=\"row-4\">\n\t<td class=\"column-1\">Kamerazustands\u00fcberwachung<\/td><td class=\"column-2\">*<\/td><td class=\"column-3\">* (\u00fcber Symphony) <\/td><td class=\"column-4\">*<\/td>\n<\/tr>\n<tr class=\"row-5\">\n\t<td class=\"column-1\">Kamerazustands-Dashboard<\/td><td class=\"column-2\">*<\/td><td class=\"column-3\">* (\u00fcber Symphony) <\/td><td class=\"column-4\">*<\/td>\n<\/tr>\n<tr class=\"row-6\">\n\t<td class=\"column-1\">Kamera-Firmware-Management<\/td><td class=\"column-2\"><\/td><td class=\"column-3\">*<\/td><td class=\"column-4\"><\/td>\n<\/tr>\n<tr class=\"row-7\">\n\t<td class=\"column-1\">Management der Kamerazugangsdaten<\/td><td class=\"column-2\">*<\/td><td class=\"column-3\">*<\/td><td class=\"column-4\"><\/td>\n<\/tr>\n<tr class=\"row-8\">\n\t<td class=\"column-1\">Senstar Thin Client Management <\/td><td class=\"column-2\">*<\/td><td class=\"column-3\">*<\/td><td class=\"column-4\"><\/td>\n<\/tr>\n<tr class=\"row-9\">\n\t<td class=\"column-1\">Systemweite Zustands\u00fcberwachung<\/td><td class=\"column-2\">*<\/td><td class=\"column-3\">*<\/td><td class=\"column-4\"><\/td>\n<\/tr>\n<tr class=\"row-10\">\n\t<td class=\"column-1\">Systemweites Zustands-Dashboard<\/td><td class=\"column-2\">*<\/td><td class=\"column-3\">*<\/td><td class=\"column-4\"><\/td>\n<\/tr>\n<tr class=\"row-11\">\n\t<td class=\"column-1\">Zustandsberichte per E-Mail<\/td><td class=\"column-2\">*<\/td><td class=\"column-3\">*<\/td><td class=\"column-4\"><\/td>\n<\/tr>\n<tr class=\"row-12\">\n\t<td class=\"column-1\">VMS Server \/ Farm Administration <\/td><td class=\"column-2\">*<\/td><td class=\"column-3\">*<\/td><td class=\"column-4\"><\/td>\n<\/tr>\n<tr class=\"row-13\">\n\t<td class=\"column-1\">VMS-Vorlagenverwaltung<\/td><td class=\"column-2\">*<\/td><td class=\"column-3\">*<\/td><td class=\"column-4\"><\/td>\n<\/tr>\n<tr class=\"row-14\">\n\t<td class=\"column-1\">VMS-Konfigurations-Backup in der Cloud<\/td><td class=\"column-2\">*<\/td><td class=\"column-3\">*<\/td><td class=\"column-4\"><\/td>\n<\/tr>\n<\/tbody>\n<\/table>\n<!-- #tablepress-26 from cache -->\n","protected":false},"excerpt":{"rendered":"<p>Implementierungsmodelle f\u00fcr SEM Senstar Enterprise Manager\u2122 (SEM) kann mehrere Implementierungsmodelle unterst\u00fctzen: Nur Symphony VMS Symphony VMS + SEM Bridge Drittanbieter-VMS + SEM Bridge Implementierungen mit Symphony SEM kann mit Symphony allein&#8230;<\/p>\n","protected":false},"author":3,"featured_media":0,"parent":3733,"menu_order":16,"comment_status":"closed","ping_status":"closed","template":"","meta":{"content-type":"","footnotes":""},"class_list":["post-3959","page","type-page","status-publish","hentry"],"_links":{"self":[{"href":"https:\/\/senstar.com\/de\/wp-json\/wp\/v2\/pages\/3959","targetHints":{"allow":["GET"]}}],"collection":[{"href":"https:\/\/senstar.com\/de\/wp-json\/wp\/v2\/pages"}],"about":[{"href":"https:\/\/senstar.com\/de\/wp-json\/wp\/v2\/types\/page"}],"author":[{"embeddable":true,"href":"https:\/\/senstar.com\/de\/wp-json\/wp\/v2\/users\/3"}],"replies":[{"embeddable":true,"href":"https:\/\/senstar.com\/de\/wp-json\/wp\/v2\/comments?post=3959"}],"version-history":[{"count":0,"href":"https:\/\/senstar.com\/de\/wp-json\/wp\/v2\/pages\/3959\/revisions"}],"up":[{"embeddable":true,"href":"https:\/\/senstar.com\/de\/wp-json\/wp\/v2\/pages\/3733"}],"wp:attachment":[{"href":"https:\/\/senstar.com\/de\/wp-json\/wp\/v2\/media?parent=3959"}],"curies":[{"name":"wp","href":"https:\/\/api.w.org\/{rel}","templated":true}]}}