{"id":3935,"date":"2019-11-09T12:41:43","date_gmt":"2019-11-09T12:41:43","guid":{"rendered":"https:\/\/senstarcorp.wpengine.com\/?page_id=3935"},"modified":"2021-07-27T13:58:59","modified_gmt":"2021-07-27T17:58:59","slug":"unterstutzte-gerate","status":"publish","type":"page","link":"https:\/\/senstar.com\/de\/produktressourcen\/unterstutzte-gerate\/","title":{"rendered":"Von Senstar Symphony unterst\u00fctzte Ger\u00e4te"},"content":{"rendered":"<h1>Unterst\u00fctzte Ger\u00e4te<\/h1>\n<p>Senstar Symphony ist kompatibel mit analogen und IP Kameras, Encodern, DVRs und anderen Video-Ger\u00e4te einer Vielzahl von Herstellern. Auf dieser Seite finden Sie eine umfassende Liste der Hersteller und Modelle in der neuesten Version der Software unterst\u00fctzt werden.<\/p>\n<p>Senstar Symphony unterst\u00fctzt nur die aktuelle offizielle Version der Firmware f\u00fcr jede Kamera, die durch den jeweiligen Kamerahersteller bereitgestellt wird.<\/p>\n<p>Wenn das Ger\u00e4t oder der Hersteller Ihrer Wahl nicht aufgef\u00fchrt ist, kontaktieren Sie uns bitte um die aktuellsten Informationen zu erhalten.<\/p>\n<h3>Unterst\u00fctzung von Standards<\/h3>\n<p>Zus\u00e4tzlich zu den Ger\u00e4ten, die in der Liste unten aufgef\u00fchrt sind, k\u00f6nnen in Senstar Symphony alle Video-Ger\u00e4te verwendet werden, die folgende Standards unterst\u00fctzen:<\/p>\n<p><a href=\"https:\/\/www.onvif.org\/profiles\/profile-s\/\" target=\"_blank\" rel=\"noopener noreferrer\">ONVIF Profile S<\/a><br \/>\n<a href=\"https:\/\/www.onvif.org\/profiles\/profile-g\/\" target=\"_blank\" rel=\"noopener noreferrer\">ONVIF Profile G<\/a><br \/>\n<a href=\"http:\/\/tools.ietf.org\/html\/rfc2326\" target=\"_blank\" rel=\"noopener noreferrer\">Real Time Streaming Protocol (RTSP)<\/a><\/p>\n<h3>CCTV Bedienger\u00e4te<\/h3>\n<p>Senstar Symphony unterst\u00fctzt alle USB Joysticks und auch die AXIS T8310 Video\u00fcberwachungs-Steuereinheit.<\/p>\n<div id=\"deviceList\"><\/div>\n<p><script type=\"text\/javascript\" src=\"\/\/www.aimetis.com\/Areas\/XN\/Scripts\/Devices\/SupportedDevices.js?1\"><\/script><script type=\"text\/javascript\">jQuery(document).ready(function () {new SupportedDevicesList(document.getElementById(\"deviceList\"), \"en\");});<\/script><\/p>\n","protected":false},"excerpt":{"rendered":"<p>Unterst\u00fctzte Ger\u00e4te Senstar Symphony ist kompatibel mit analogen und IP Kameras, Encodern, DVRs und anderen Video-Ger\u00e4te einer Vielzahl von Herstellern. Auf dieser Seite finden Sie eine umfassende Liste der Hersteller und&#8230;<\/p>\n","protected":false},"author":3,"featured_media":0,"parent":3733,"menu_order":13,"comment_status":"closed","ping_status":"closed","template":"","meta":{"content-type":"","footnotes":""},"class_list":["post-3935","page","type-page","status-publish","hentry"],"_links":{"self":[{"href":"https:\/\/senstar.com\/de\/wp-json\/wp\/v2\/pages\/3935","targetHints":{"allow":["GET"]}}],"collection":[{"href":"https:\/\/senstar.com\/de\/wp-json\/wp\/v2\/pages"}],"about":[{"href":"https:\/\/senstar.com\/de\/wp-json\/wp\/v2\/types\/page"}],"author":[{"embeddable":true,"href":"https:\/\/senstar.com\/de\/wp-json\/wp\/v2\/users\/3"}],"replies":[{"embeddable":true,"href":"https:\/\/senstar.com\/de\/wp-json\/wp\/v2\/comments?post=3935"}],"version-history":[{"count":0,"href":"https:\/\/senstar.com\/de\/wp-json\/wp\/v2\/pages\/3935\/revisions"}],"up":[{"embeddable":true,"href":"https:\/\/senstar.com\/de\/wp-json\/wp\/v2\/pages\/3733"}],"wp:attachment":[{"href":"https:\/\/senstar.com\/de\/wp-json\/wp\/v2\/media?parent=3935"}],"curies":[{"name":"wp","href":"https:\/\/api.w.org\/{rel}","templated":true}]}}