{"id":2968,"date":"2019-11-01T23:22:42","date_gmt":"2019-11-01T23:22:42","guid":{"rendered":"https:\/\/senstarcorp.wpengine.com\/?page_id=2968"},"modified":"2019-11-08T14:55:22","modified_gmt":"2019-11-08T14:55:22","slug":"gesellschaftliche-verantwortung","status":"publish","type":"page","link":"https:\/\/senstar.com\/de\/uber-senstar\/gesellschaftliche-verantwortung\/","title":{"rendered":"Gesellschaftliche Verantwortung"},"content":{"rendered":"<h1>Unsere sociale Verantwortung<\/h1>\n<p>Senstar ist der \u00dcberzeugung, dass wir Verantwortung daf\u00fcr tragen, unseren Kunden einen effektiven Service zu bieten und gleichzeitig den Ressourcenbedarf k\u00fcnftiger Generationen zu respektieren. Von unseren eigenen Betrieben bis hin zu den Mitgliedern unserer Lieferkette befolgen wir alle erforderlichen Rechtsvorschriften und sind bestrebt, diese zu \u00fcbertreffen. Wir ber\u00fccksichtigen die \u00f6kologische Nachhaltigkeit an allen unseren Standorten, als Teil aller unserer Arbeitsabl\u00e4ufe und bei der Entwicklung aller unserer Produkte.<\/p>\n<p>Senstar verpflichtet sich:<\/p>\n<ul>\n<li>Produkte zu entwickeln, die umweltfreundlich sind. So hat der Senstar LM100 beispielsweise von der <a href=\"https:\/\/www.darksky.org\/\" target=\"_blank\" rel=\"noopener noreferrer\">International Dark Skies Association<\/a> ein G\u00fctesiegel erhalten, weil er die Lichtverschmutzung reduziert.<\/li>\n<li>Zur Verwendung von Bauteilen und Designspezifikationen in den von uns gefertigten Produkten, die die Umwelt so wenig wie m\u00f6glich belasten<\/li>\n<li>Zur Zusammenarbeit mit Partnern in der Lieferkette, die nachhaltige Bauteile liefern k\u00f6nnen<\/li>\n<li>Zum Einsatz von Prozess\u00fcberwachungstechnologie in unserer Produktionsanlage zur Optimierung der Produktionsleistung und zur Reduzierung von Ausschussteilen<\/li>\n<li>Zum Einsatz von Ma\u00dfnahmen wie Recycling und Reduzierung des Energie- und Wasserverbrauchs<\/li>\n<\/ul>\n<h2>Gesellschaftliches Engagement<\/h2>\n<p>Senstar ist stolz darauf, Initiativen und Organisationen zu unterst\u00fctzen, die das Leben der Menschen in unseren lokalen Gemeinschaften, in ganz Kanada und auf der ganzen Welt nachhaltig verbessern.<\/p>\n<h3>In den letzten Jahren haben wir unsere Zeit freiwillig zur Verf\u00fcgung gestellt:<\/h3>\n<ul>\n<li>Zur Entwicklung einer Technologiestrategie f\u00fcr die Eltern des Community Living through Capacity Canada\u2014Waterloo, ON<\/li>\n<li>Zur Wiederbelebung des von Wirbelst\u00fcrmen besch\u00e4digten Gel\u00e4ndes des Dunrobin Community Centre&nbsp;<\/li>\n<li>Zum Pflanzen von 2.000 B\u00e4umen entlang der Ufer des Carp Rivers.<\/li>\n<li>Zur Erneuerung der Freizeiteinrichtungen auf dem Carp Fairgrounds-Gel\u00e4nde<\/li>\n<li>Zur Erneuerung der \u00e4ltesten \u00fcberdachten Trib\u00fcne Kanadas\u2014Almonte, Ontario&nbsp;<\/li>\n<\/ul>\n<h3>In den letzten Jahren haben wir unterst\u00fctzt:<\/h3>\n<ul>\n<li>Canadian Blood Services<\/li>\n<li>West Carleton Food Cupboard<\/li>\n<li>Canadian Red Cross\u2014Alberta Fires Appeal<\/li>\n<li>Canadian Red Cross\u2014Syrian Refugee Appeal<\/li>\n<li>Canadian Red Cross\u2014Nepal Earthquake Appeal<\/li>\n<li>Canadian Alzheimer\u2019s Society<\/li>\n<li>Kanata Food Cupboard<\/li>\n<li>Ottawa Inter-City Ministries<\/li>\n<li>Carleton Place and District Memorial Hospital<\/li>\n<\/ul>\n","protected":false},"excerpt":{"rendered":"<p>Unsere sociale Verantwortung Senstar ist der \u00dcberzeugung, dass wir Verantwortung daf\u00fcr tragen, unseren Kunden einen effektiven Service zu bieten und gleichzeitig den Ressourcenbedarf k\u00fcnftiger Generationen zu respektieren. Von unseren eigenen Betrieben&#8230;<\/p>\n","protected":false},"author":1,"featured_media":0,"parent":322,"menu_order":3,"comment_status":"closed","ping_status":"closed","template":"","meta":{"content-type":"","footnotes":""},"class_list":["post-2968","page","type-page","status-publish","hentry"],"_links":{"self":[{"href":"https:\/\/senstar.com\/de\/wp-json\/wp\/v2\/pages\/2968","targetHints":{"allow":["GET"]}}],"collection":[{"href":"https:\/\/senstar.com\/de\/wp-json\/wp\/v2\/pages"}],"about":[{"href":"https:\/\/senstar.com\/de\/wp-json\/wp\/v2\/types\/page"}],"author":[{"embeddable":true,"href":"https:\/\/senstar.com\/de\/wp-json\/wp\/v2\/users\/1"}],"replies":[{"embeddable":true,"href":"https:\/\/senstar.com\/de\/wp-json\/wp\/v2\/comments?post=2968"}],"version-history":[{"count":0,"href":"https:\/\/senstar.com\/de\/wp-json\/wp\/v2\/pages\/2968\/revisions"}],"up":[{"embeddable":true,"href":"https:\/\/senstar.com\/de\/wp-json\/wp\/v2\/pages\/322"}],"wp:attachment":[{"href":"https:\/\/senstar.com\/de\/wp-json\/wp\/v2\/media?parent=2968"}],"curies":[{"name":"wp","href":"https:\/\/api.w.org\/{rel}","templated":true}]}}